{"id":790,"date":"2026-02-03T11:14:00","date_gmt":"2026-02-03T09:14:00","guid":{"rendered":"https:\/\/olysafe.com\/politica-privacidad\/"},"modified":"2026-04-28T17:45:23","modified_gmt":"2026-04-28T14:45:23","slug":"politica-privacidad","status":"publish","type":"page","link":"https:\/\/olysafe.com\/es\/politica-privacidad\/","title":{"rendered":"Pol\u00edtica de privacidad"},"content":{"rendered":"\t\t<div data-elementor-type=\"wp-page\" data-elementor-id=\"790\" class=\"elementor elementor-790 elementor-3\" data-elementor-post-type=\"page\">\n\t\t\t\t<div class=\"elementor-element elementor-element-6dca64a e-flex e-con-boxed e-con e-parent\" data-id=\"6dca64a\" data-element_type=\"container\" data-e-type=\"container\" data-settings=\"{&quot;background_background&quot;:&quot;classic&quot;}\">\n\t\t\t\t\t<div class=\"e-con-inner\">\n\t\t<div class=\"elementor-element elementor-element-cd4e169 e-flex e-con-boxed e-con e-child\" data-id=\"cd4e169\" data-element_type=\"container\" data-e-type=\"container\">\n\t\t\t\t\t<div class=\"e-con-inner\">\n\t\t<div class=\"elementor-element elementor-element-cc53a2e e-con-full e-flex e-con e-child\" data-id=\"cc53a2e\" data-element_type=\"container\" data-e-type=\"container\">\n\t\t\t\t<div class=\"elementor-element elementor-element-3a9a355 elementor-widget elementor-widget-heading\" data-id=\"3a9a355\" data-element_type=\"widget\" data-e-type=\"widget\" data-widget_type=\"heading.default\">\n\t\t\t\t\t<h1 class=\"elementor-heading-title elementor-size-default\">Aviso de privacidad de OlySafe<\/h1>\t\t\t\t<\/div>\n\t\t\t\t<\/div>\n\t\t\t\t\t<\/div>\n\t\t\t\t<\/div>\n\t\t\t\t\t<\/div>\n\t\t\t\t<\/div>\n\t\t<div class=\"elementor-element elementor-element-61c7df3b e-flex e-con-boxed e-con e-parent\" data-id=\"61c7df3b\" data-element_type=\"container\" data-e-type=\"container\" data-settings=\"{&quot;background_background&quot;:&quot;classic&quot;}\">\n\t\t\t\t\t<div class=\"e-con-inner\">\n\t\t\t\t<div class=\"elementor-element elementor-element-48a8482 elementor-widget elementor-widget-text-editor\" data-id=\"48a8482\" data-element_type=\"widget\" data-e-type=\"widget\" data-widget_type=\"text-editor.default\">\n\t\t\t\t\t\t\t\t\t<p style=\"text-align: right;\"><strong>V\u00e1lido desde: 28-04-2026<\/strong><\/p>\n<h5><strong>1. DISPOSICIONES GENERALES<\/strong><\/h5>\n<p>1.1 Este aviso explica el tratamiento de datos personales en el sitio web olysafe.com, que proporciona informaci\u00f3n sobre el juego responsable, y los derechos del visitante del sitio web en relaci\u00f3n con dicho tratamiento.<\/p>\n<p>1.2 El responsable del tratamiento de datos es OB Holding 1 O\u00dc (en adelante, OBH), con n\u00famero de registro 14975047, domicilio en Pronksi 19, Tallin 10124, Estonia, +3726671250, <a href=\"mailto:estonia@oc.eu\">estonia@oc.eu<\/a>.<\/p>\n<p>1.3 Los datos de contacto del Delegado de Protecci\u00f3n de Datos de OBH son: <a href=\"mailto:OlybetEstoniaDPO@olybet.com\">OlybetEstoniaDPO@olybet.com<\/a>, Pronksi 19, Tallin 10124.<\/p>\n<p>1.4 OBH implementa medidas t\u00e9cnicas y organizativas adecuadas para proteger los datos personales contra el acceso no autorizado, la divulgaci\u00f3n il\u00edcita, la p\u00e9rdida accidental, la alteraci\u00f3n, la destrucci\u00f3n u otro tratamiento il\u00edcito. Tambi\u00e9n exigimos a nuestros socios colaboradores, a quienes transferimos datos personales de conformidad con este Aviso de Privacidad, que implementen las medidas de seguridad organizativas, f\u00edsicas y de TI necesarias. Sin embargo, tenga en cuenta que, incluso utilizando todas las medidas t\u00e9cnicas y organizativas para proteger los datos personales, a\u00fan existen algunos riesgos, como errores humanos, ciberataques, cortes de energ\u00eda, errores de software o acciones maliciosas de terceros. En caso de detectar alguna brecha de seguridad, tomaremos todas las medidas razonables para mitigar el riesgo para nuestros visitantes.<\/p>\n<p>1.5 Si OBH modifica el aviso sobre el tratamiento de datos personales, publicar\u00e1 la versi\u00f3n actualizada en el pie de p\u00e1gina de su sitio web, en la secci\u00f3n de Aviso de Privacidad. Dependiendo del contenido y el efecto de la modificaci\u00f3n, es posible que notifiquemos o no al visitante del sitio web. Si modificamos sustancialmente nuestras pr\u00e1cticas de tratamiento de datos, especialmente al introducir nuevas actividades o tecnolog\u00edas de tratamiento, proporcionaremos un aviso previo razonable.<\/p>\n<h5><strong>2. DERECHOS DEL VISITANTE DEL SITIO WEB<\/strong><\/h5>\n<p>2.1 OBH garantiza al visitante del sitio web todos los derechos establecidos en el Reglamento General de Protecci\u00f3n de Datos (RGPD). Para ejercer los derechos contemplados en el apartado 2.2, el visitante puede ponerse en contacto con el Delegado de Protecci\u00f3n de Datos indicado en el apartado 1.3, comunicando su direcci\u00f3n IP a OBH.<\/p>\n<p>2.2 Derechos del interesado garantizados por el RGPD:<\/p>\n<p style=\"padding-left: 20px;\">2.2.1 El visitante tiene derecho a ser informado sobre si OBH trata sus datos personales y, en caso afirmativo, a recibir una copia de dichos datos;<\/p>\n<p><\/p>\n<p style=\"padding-left: 20px;\">2.2.2 El visitante tiene derecho a solicitar la rectificaci\u00f3n de los datos personales inexactas que le conciernen;<\/p>\n<p><\/p>\n<p style=\"padding-left: 20px;\">2.2.3 El visitante tiene derecho a retirar su consentimiento para el tratamiento de datos personales (por ejemplo, el consentimiento para el uso de cookies) en cualquier momento. La retirada del consentimiento no afecta a la licitud del tratamiento realizado con anterioridad;<\/p>\n<p><\/p>\n<p style=\"padding-left: 20px;\">2.2.4 El visitante tiene derecho a solicitar la supresi\u00f3n de sus datos personales. OBH podr\u00e1 eliminar los datos tratados con base en el consentimiento o el inter\u00e9s leg\u00edtimo, siempre que los intereses de OBH no superen los del visitante. Este derecho no se aplica a datos necesarios por obligaciones legales, contractuales o de inter\u00e9s p\u00fablico;<\/p>\n<p><\/p>\n<p style=\"padding-left: 20px;\">2.2.5 El visitante tiene derecho a oponerse al tratamiento (especialmente con base en un inter\u00e9s leg\u00edtimo) y a restringir dicho tratamiento cuando est\u00e9 justificado;<\/p>\n<p><\/p>\n<p style=\"padding-left: 20px;\">2.2.6 El visitante tiene derecho a recibir sus datos personales facilitados con base en el consentimiento en un formato estructurado y legible por m\u00e1quina (si es t\u00e9cnicamente factible) para su transmisi\u00f3n a otras empresas;<\/p>\n<p><\/p>\n<p style=\"padding-left: 20px;\">2.2.7 El visitante tiene derecho a presentar una reclamaci\u00f3n ante la Inspecci\u00f3n de Protecci\u00f3n de Datos de Estonia por correo electr\u00f3nico a <a href=\"mailto:info@aki.ee\">info@aki.ee<\/a> o en Tatari 39, Tallin.<\/p>\n<h5><strong>3. CATEGOR\u00cdAS DE DATOS PERSONALES<\/strong><\/h5>\n<p>3.1 OBH procesa los siguientes datos personales de forma limitada cuando un visitante accede al sitio web:<\/p>\n<p style=\"padding-left: 20px;\">3.1.1 <strong>Datos t\u00e9cnicos:<\/strong> direcci\u00f3n IP (incluida la ubicaci\u00f3n aproximada), proveedor de servicios de internet, URL de referencia, fecha y hora de la visita, tipo y versi\u00f3n del navegador, sistema operativo, tipo de dispositivo, cantidad y estado de los datos transmitidos. <em>Fuente: Dispositivo y navegador del visitante<\/em><\/p>\n<p><\/p>\n<p style=\"padding-left: 20px;\">3.1.2 <strong>Datos de cookies:<\/strong> OBH utiliza cookies para optimizar el sitio web y sus funciones. Algunas cookies pueden recopilar datos personales. Para m\u00e1s informaci\u00f3n, consulte el Aviso de <a href=\"https:\/\/olysafe.com\/es\/politica-de-cookies\/\">cookies de OBH<\/a>.<\/p>\n<p><\/p>\n<p style=\"padding-left: 20px;\"><em>Fuente: Dispositivo y navegador del visitante<\/em><\/p>\n<h5><strong>4. BASE JUR\u00cdDICA Y FINALIDADES<\/strong><\/h5>\n<p>4.1 Las bases jur\u00eddicas y finalidades del tratamiento se detallan en la siguiente tabla:<\/p>\n<div style=\"overflow-x: auto; -webkit-overflow-scrolling: touch; margin-bottom: 20px;\">\n<table style=\"border-collapse: collapse; min-width: 600px; width: 100%;\" border=\"1\">\n<thead>\n<tr>\n<th style=\"padding: 10px; text-align: left;\">Finalidad<\/th>\n<th style=\"padding: 10px; text-align: left;\">Base jur\u00eddica<\/th>\n<th style=\"padding: 10px; text-align: left;\">Categor\u00edas de datos<\/th>\n<\/tr>\n<\/thead>\n<tbody>\n<tr>\n<td style=\"padding: 10px;\">Gesti\u00f3n y verificaci\u00f3n del consentimiento de cookies<\/td>\n<td style=\"padding: 10px;\">Obligaci\u00f3n legal<\/td>\n<td style=\"padding: 10px;\">Estado del consentimiento de cookies, fecha del consentimiento<\/td>\n<\/tr>\n<tr>\n<td style=\"padding: 10px;\">Garantizar el funcionamiento t\u00e9cnico del sitio y la correcta visualizaci\u00f3n del contenido<\/td>\n<td style=\"padding: 10px;\">Inter\u00e9s leg\u00edtimo<\/td>\n<td style=\"padding: 10px;\">Datos del sitio web, configuraci\u00f3n funcional, datos de sesi\u00f3n<\/td>\n<\/tr>\n<tr>\n<td style=\"padding: 10px;\">Estad\u00edsticas y an\u00e1lisis del uso del sitio web (Google Analytics)<\/td>\n<td style=\"padding: 10px;\">Consentimiento del interesado<\/td>\n<td style=\"padding: 10px;\">Direcci\u00f3n IP, datos t\u00e9cnicos del dispositivo y navegador, estad\u00edsticas de uso<\/td>\n<\/tr>\n<\/tbody>\n<\/table>\n<\/div>\n<p>4.2 Cuando OBH procesa datos personales bas\u00e1ndose en un inter\u00e9s leg\u00edtimo, se ha evaluado que dicho inter\u00e9s supera los intereses y derechos del visitante.<\/p>\n<h5><strong>5. TRANSMISI\u00d3N DE DATOS PERSONALES<\/strong><\/h5>\n<p>5.1 OBH utiliza diversos socios (encargados del tratamiento) que procesan los datos seg\u00fan sus instrucciones. Pueden ser empresas del grupo OBH o terceros vinculados por contrato.<\/p>\n<p>5.2 Los datos personales pueden transferirse a:<\/p>\n<p style=\"padding-left: 20px;\">5.2.1 proveedores de servicios de an\u00e1lisis (p. ej., Google Analytics) con consentimiento previo;<\/p>\n<p><\/p>\n<p style=\"padding-left: 20px;\">5.2.2 proveedores relacionados con la gesti\u00f3n de cookies y el funcionamiento t\u00e9cnico del sitio;<\/p>\n<p><\/p>\n<p style=\"padding-left: 20px;\">5.2.3 proveedores de alojamiento web y servicios inform\u00e1ticos para garantizar la seguridad;<\/p>\n<p><\/p>\n<p style=\"padding-left: 20px;\">5.2.4 en la medida necesaria para la administraci\u00f3n y supervisi\u00f3n del sitio web.<\/p>\n<p>5.3 Generalmente, los socios se encuentran en Estonia o en el Espacio Econ\u00f3mico Europeo (EEE). Si se transfieren fuera del EEE, se aplican garant\u00edas como decisiones de adecuaci\u00f3n o cl\u00e1usulas contractuales tipo de la Comisi\u00f3n Europea.<\/p>\n<h5><strong>6. CONSERVACI\u00d3N DE DATOS PERSONALES<\/strong><\/h5>\n<p>6.1 Los datos se almacenan \u00fanicamente durante el tiempo necesario para alcanzar los fines descritos en este documento.<\/p>\n<p>6.2 Las direcciones IP y registros t\u00e9cnicos se conservan por un periodo limitado conforme a las pr\u00e1cticas est\u00e1ndar de seguridad inform\u00e1tica.<\/p>\n<p>6.3 Periodos de retenci\u00f3n de cookies:<\/p>\n<p style=\"padding-left: 20px;\">6.3.1 Cookies anal\u00edticas (p. ej., Google Analytics): hasta 2 a\u00f1os;<\/p>\n<p><\/p>\n<p style=\"padding-left: 20px;\">6.3.2 Datos de gesti\u00f3n del consentimiento de cookies: hasta 1 a\u00f1o;<\/p>\n<p><\/p>\n<p style=\"padding-left: 20px;\">6.3.3 Cookies funcionales y de preferencias: durante la sesi\u00f3n o seg\u00fan su funcionamiento t\u00e9cnico.<\/p>\n\t\t\t\t\t\t\t\t<\/div>\n\t\t\t\t\t<\/div>\n\t\t\t\t<\/div>\n\t\t\t\t<\/div>\n\t\t","protected":false},"excerpt":{"rendered":"<p>Aviso de privacidad de OlySafe V\u00e1lido desde: 28-04-2026 1. DISPOSICIONES GENERALES 1.1 Este aviso explica el tratamiento de datos personales en el sitio web olysafe.com, que proporciona informaci\u00f3n sobre el juego responsable, y los derechos del visitante del sitio web en relaci\u00f3n con dicho tratamiento. 1.2 El responsable del tratamiento de datos es OB Holding [&hellip;]<\/p>\n","protected":false},"author":3,"featured_media":0,"parent":0,"menu_order":0,"comment_status":"closed","ping_status":"open","template":"","meta":{"footnotes":""},"class_list":["post-790","page","type-page","status-publish","hentry"],"yoast_head":"<!-- This site is optimized with the Yoast SEO plugin v27.5 - https:\/\/yoast.com\/product\/yoast-seo-wordpress\/ -->\n<title>Pol\u00edtica de privacidad - OlySafe<\/title>\n<meta name=\"robots\" content=\"index, follow, max-snippet:-1, max-image-preview:large, max-video-preview:-1\" \/>\n<link rel=\"canonical\" href=\"https:\/\/olysafe.com\/es\/politica-privacidad\/\" \/>\n<meta property=\"og:locale\" content=\"es_ES\" \/>\n<meta property=\"og:type\" content=\"article\" \/>\n<meta property=\"og:title\" content=\"Pol\u00edtica de privacidad - OlySafe\" \/>\n<meta property=\"og:description\" content=\"Aviso de privacidad de OlySafe V\u00e1lido desde: 28-04-2026 1. DISPOSICIONES GENERALES 1.1 Este aviso explica el tratamiento de datos personales en el sitio web olysafe.com, que proporciona informaci\u00f3n sobre el juego responsable, y los derechos del visitante del sitio web en relaci\u00f3n con dicho tratamiento. 1.2 El responsable del tratamiento de datos es OB Holding [&hellip;]\" \/>\n<meta property=\"og:url\" content=\"https:\/\/olysafe.com\/es\/politica-privacidad\/\" \/>\n<meta property=\"og:site_name\" content=\"OlySafe\" \/>\n<meta property=\"article:modified_time\" content=\"2026-04-28T14:45:23+00:00\" \/>\n<meta name=\"twitter:card\" content=\"summary_large_image\" \/>\n<meta name=\"twitter:label1\" content=\"Tiempo de lectura\" \/>\n\t<meta name=\"twitter:data1\" content=\"5 minutos\" \/>\n<script type=\"application\/ld+json\" class=\"yoast-schema-graph\">{\"@context\":\"https:\\\/\\\/schema.org\",\"@graph\":[{\"@type\":\"WebPage\",\"@id\":\"https:\\\/\\\/olysafe.com\\\/es\\\/politica-privacidad\\\/\",\"url\":\"https:\\\/\\\/olysafe.com\\\/es\\\/politica-privacidad\\\/\",\"name\":\"Pol\u00edtica de privacidad - OlySafe\",\"isPartOf\":{\"@id\":\"https:\\\/\\\/olysafe.com\\\/es\\\/#website\"},\"datePublished\":\"2026-02-03T09:14:00+00:00\",\"dateModified\":\"2026-04-28T14:45:23+00:00\",\"breadcrumb\":{\"@id\":\"https:\\\/\\\/olysafe.com\\\/es\\\/politica-privacidad\\\/#breadcrumb\"},\"inLanguage\":\"es\",\"potentialAction\":[{\"@type\":\"ReadAction\",\"target\":[\"https:\\\/\\\/olysafe.com\\\/es\\\/politica-privacidad\\\/\"]}]},{\"@type\":\"BreadcrumbList\",\"@id\":\"https:\\\/\\\/olysafe.com\\\/es\\\/politica-privacidad\\\/#breadcrumb\",\"itemListElement\":[{\"@type\":\"ListItem\",\"position\":1,\"name\":\"Home\",\"item\":\"https:\\\/\\\/olysafe.com\\\/es\\\/\"},{\"@type\":\"ListItem\",\"position\":2,\"name\":\"Pol\u00edtica de privacidad\"}]},{\"@type\":\"WebSite\",\"@id\":\"https:\\\/\\\/olysafe.com\\\/es\\\/#website\",\"url\":\"https:\\\/\\\/olysafe.com\\\/es\\\/\",\"name\":\"Responsible Gaming\",\"description\":\"Leading voice for responsible gaming\",\"publisher\":{\"@id\":\"https:\\\/\\\/olysafe.com\\\/es\\\/#organization\"},\"potentialAction\":[{\"@type\":\"SearchAction\",\"target\":{\"@type\":\"EntryPoint\",\"urlTemplate\":\"https:\\\/\\\/olysafe.com\\\/es\\\/?s={search_term_string}\"},\"query-input\":{\"@type\":\"PropertyValueSpecification\",\"valueRequired\":true,\"valueName\":\"search_term_string\"}}],\"inLanguage\":\"es\"},{\"@type\":\"Organization\",\"@id\":\"https:\\\/\\\/olysafe.com\\\/es\\\/#organization\",\"name\":\"Responsible Gaming\",\"url\":\"https:\\\/\\\/olysafe.com\\\/es\\\/\",\"logo\":{\"@type\":\"ImageObject\",\"inLanguage\":\"es\",\"@id\":\"https:\\\/\\\/olysafe.com\\\/es\\\/#\\\/schema\\\/logo\\\/image\\\/\",\"url\":\"https:\\\/\\\/olysafe.com\\\/wp-content\\\/uploads\\\/2026\\\/02\\\/Olysafe_Logo.png\",\"contentUrl\":\"https:\\\/\\\/olysafe.com\\\/wp-content\\\/uploads\\\/2026\\\/02\\\/Olysafe_Logo.png\",\"width\":500,\"height\":228,\"caption\":\"Responsible Gaming\"},\"image\":{\"@id\":\"https:\\\/\\\/olysafe.com\\\/es\\\/#\\\/schema\\\/logo\\\/image\\\/\"}}]}<\/script>\n<!-- \/ Yoast SEO plugin. -->","yoast_head_json":{"title":"Pol\u00edtica de privacidad - OlySafe","robots":{"index":"index","follow":"follow","max-snippet":"max-snippet:-1","max-image-preview":"max-image-preview:large","max-video-preview":"max-video-preview:-1"},"canonical":"https:\/\/olysafe.com\/es\/politica-privacidad\/","og_locale":"es_ES","og_type":"article","og_title":"Pol\u00edtica de privacidad - OlySafe","og_description":"Aviso de privacidad de OlySafe V\u00e1lido desde: 28-04-2026 1. DISPOSICIONES GENERALES 1.1 Este aviso explica el tratamiento de datos personales en el sitio web olysafe.com, que proporciona informaci\u00f3n sobre el juego responsable, y los derechos del visitante del sitio web en relaci\u00f3n con dicho tratamiento. 1.2 El responsable del tratamiento de datos es OB Holding [&hellip;]","og_url":"https:\/\/olysafe.com\/es\/politica-privacidad\/","og_site_name":"OlySafe","article_modified_time":"2026-04-28T14:45:23+00:00","twitter_card":"summary_large_image","twitter_misc":{"Tiempo de lectura":"5 minutos"},"schema":{"@context":"https:\/\/schema.org","@graph":[{"@type":"WebPage","@id":"https:\/\/olysafe.com\/es\/politica-privacidad\/","url":"https:\/\/olysafe.com\/es\/politica-privacidad\/","name":"Pol\u00edtica de privacidad - OlySafe","isPartOf":{"@id":"https:\/\/olysafe.com\/es\/#website"},"datePublished":"2026-02-03T09:14:00+00:00","dateModified":"2026-04-28T14:45:23+00:00","breadcrumb":{"@id":"https:\/\/olysafe.com\/es\/politica-privacidad\/#breadcrumb"},"inLanguage":"es","potentialAction":[{"@type":"ReadAction","target":["https:\/\/olysafe.com\/es\/politica-privacidad\/"]}]},{"@type":"BreadcrumbList","@id":"https:\/\/olysafe.com\/es\/politica-privacidad\/#breadcrumb","itemListElement":[{"@type":"ListItem","position":1,"name":"Home","item":"https:\/\/olysafe.com\/es\/"},{"@type":"ListItem","position":2,"name":"Pol\u00edtica de privacidad"}]},{"@type":"WebSite","@id":"https:\/\/olysafe.com\/es\/#website","url":"https:\/\/olysafe.com\/es\/","name":"Responsible Gaming","description":"Leading voice for responsible gaming","publisher":{"@id":"https:\/\/olysafe.com\/es\/#organization"},"potentialAction":[{"@type":"SearchAction","target":{"@type":"EntryPoint","urlTemplate":"https:\/\/olysafe.com\/es\/?s={search_term_string}"},"query-input":{"@type":"PropertyValueSpecification","valueRequired":true,"valueName":"search_term_string"}}],"inLanguage":"es"},{"@type":"Organization","@id":"https:\/\/olysafe.com\/es\/#organization","name":"Responsible Gaming","url":"https:\/\/olysafe.com\/es\/","logo":{"@type":"ImageObject","inLanguage":"es","@id":"https:\/\/olysafe.com\/es\/#\/schema\/logo\/image\/","url":"https:\/\/olysafe.com\/wp-content\/uploads\/2026\/02\/Olysafe_Logo.png","contentUrl":"https:\/\/olysafe.com\/wp-content\/uploads\/2026\/02\/Olysafe_Logo.png","width":500,"height":228,"caption":"Responsible Gaming"},"image":{"@id":"https:\/\/olysafe.com\/es\/#\/schema\/logo\/image\/"}}]}},"_links":{"self":[{"href":"https:\/\/olysafe.com\/es\/wp-json\/wp\/v2\/pages\/790","targetHints":{"allow":["GET"]}}],"collection":[{"href":"https:\/\/olysafe.com\/es\/wp-json\/wp\/v2\/pages"}],"about":[{"href":"https:\/\/olysafe.com\/es\/wp-json\/wp\/v2\/types\/page"}],"author":[{"embeddable":true,"href":"https:\/\/olysafe.com\/es\/wp-json\/wp\/v2\/users\/3"}],"replies":[{"embeddable":true,"href":"https:\/\/olysafe.com\/es\/wp-json\/wp\/v2\/comments?post=790"}],"version-history":[{"count":6,"href":"https:\/\/olysafe.com\/es\/wp-json\/wp\/v2\/pages\/790\/revisions"}],"predecessor-version":[{"id":969,"href":"https:\/\/olysafe.com\/es\/wp-json\/wp\/v2\/pages\/790\/revisions\/969"}],"wp:attachment":[{"href":"https:\/\/olysafe.com\/es\/wp-json\/wp\/v2\/media?parent=790"}],"curies":[{"name":"wp","href":"https:\/\/api.w.org\/{rel}","templated":true}]}}