{"id":780,"date":"2026-02-03T11:14:00","date_gmt":"2026-02-03T09:14:00","guid":{"rendered":"https:\/\/olysafe.com\/andmekaitsetingimused\/"},"modified":"2026-04-28T11:57:37","modified_gmt":"2026-04-28T08:57:37","slug":"andmekaitsetingimused","status":"publish","type":"page","link":"https:\/\/olysafe.com\/et\/andmekaitsetingimused\/","title":{"rendered":"Privaatsuspoliitika"},"content":{"rendered":"\t\t<div data-elementor-type=\"wp-page\" data-elementor-id=\"780\" class=\"elementor elementor-780 elementor-3\" data-elementor-post-type=\"page\">\n\t\t\t\t<div class=\"elementor-element elementor-element-6dca64a e-flex e-con-boxed e-con e-parent\" data-id=\"6dca64a\" data-element_type=\"container\" data-e-type=\"container\" data-settings=\"{&quot;background_background&quot;:&quot;classic&quot;}\">\n\t\t\t\t\t<div class=\"e-con-inner\">\n\t\t<div class=\"elementor-element elementor-element-cd4e169 e-flex e-con-boxed e-con e-child\" data-id=\"cd4e169\" data-element_type=\"container\" data-e-type=\"container\">\n\t\t\t\t\t<div class=\"e-con-inner\">\n\t\t<div class=\"elementor-element elementor-element-cc53a2e e-con-full e-flex e-con e-child\" data-id=\"cc53a2e\" data-element_type=\"container\" data-e-type=\"container\">\n\t\t\t\t<div class=\"elementor-element elementor-element-3a9a355 elementor-widget elementor-widget-heading\" data-id=\"3a9a355\" data-element_type=\"widget\" data-e-type=\"widget\" data-widget_type=\"heading.default\">\n\t\t\t\t\t<h1 class=\"elementor-heading-title elementor-size-default\">OlySafe andmekaitsetingimused<\/h1>\t\t\t\t<\/div>\n\t\t\t\t<\/div>\n\t\t\t\t\t<\/div>\n\t\t\t\t<\/div>\n\t\t\t\t\t<\/div>\n\t\t\t\t<\/div>\n\t\t<div class=\"elementor-element elementor-element-61c7df3b e-flex e-con-boxed e-con e-parent\" data-id=\"61c7df3b\" data-element_type=\"container\" data-e-type=\"container\" data-settings=\"{&quot;background_background&quot;:&quot;classic&quot;}\">\n\t\t\t\t\t<div class=\"e-con-inner\">\n\t\t\t\t<div class=\"elementor-element elementor-element-48a8482 elementor-widget elementor-widget-text-editor\" data-id=\"48a8482\" data-element_type=\"widget\" data-e-type=\"widget\" data-widget_type=\"text-editor.default\">\n\t\t\t\t\t\t\t\t\t<p style=\"text-align: right;\"><strong>Kehtiv alates: 24-04-2026<\/strong><\/p>\n<h5><strong>1. \u00dcLDS\u00c4TTED<\/strong><\/h5>\n<p>1.1 Isikuandmete vastutav t\u00f6\u00f6tleja on OB Holding 1 O\u00dc (edaspidi OBH), registrikood 14975047, aadressiga Pronksi 19, Tallinn 10124, Eesti, +3726671250, <a href=\"mailto:estonia@oc.eu\">estonia@oc.eu<\/a>.<\/p>\n<p>1.2 OBH andmekaitsespetsialisti kontaktid on: <a href=\"mailto:OlybetEstoniaDPO@olybet.com\">OlybetEstoniaDPO@olybet.com<\/a>, Pronksi 19, Tallinn 10124.<\/p>\n<p>1.3 OBH rakendab asjakohaseid tehnilisi ja korralduslikke meetmeid, et kaitsta isikuandmeid loata juurdep\u00e4\u00e4su, ebaseadusliku avalikustamise, juhusliku kaotsimineku, muutmise, h\u00e4vitamise v\u00f5i muu ebaseadusliku t\u00f6\u00f6tlemise eest. Vajalike organisatsiooniliste, f\u00fc\u00fcsiliste ja infotehnoloogiliste turvameetmete rakendamist n\u00f5uame ka oma koost\u00f6\u00f6partneritelt, kellele koosk\u00f5las k\u00e4esolevate tingimustega isikuandmeid edastame. K\u00fcll aga isegi igasuguste asjakohaste tehniliste ning korralduslike kaitsemeetmete kasutamisel j\u00e4\u00e4vad alles riskid, et isikuandmete t\u00f6\u00f6tlemisega seotud rikkumine v\u00f5ib aset leida n\u00e4iteks inimliku vea, k\u00fcberr\u00fcnde, elektrikatkestuse, tarkvaravea v\u00f5i m\u00f5ne andmetele \u00f5igusp\u00e4raselt ligi p\u00e4\u00e4seva isiku pahatahtliku tegevuse tulemusel. Sel juhul rikkumise tuvastamisel teeme k\u00f5iki m\u00f5istlikke pingutusi, et minimeerida k\u00fclastajatele sellest tulenevat riski.<\/p>\n<p>1.4 Kui me muudame k\u00e4esolevat isikuandmete t\u00f6\u00f6tlemise teavitust, siis avaldame uuendatud versiooni kodulehe jaluses Privaatsuspoliitika alapunkti all. S\u00f5ltuvalt muudatuse sisust ja m\u00f5just, v\u00f5ime muudatustest nii ette teatada kui ka ette teatamata j\u00e4tta. Kui me muudame oluliselt oma andmet\u00f6\u00f6tlusprotsesse, muuhulgas seoses uute t\u00f6\u00f6tlemistoimingute ja tehnoloogiate kasutuselev\u00f5tuga, siis teavitame sellisest muudatustest m\u00f5istlikult ette.<\/p>\n<h5><strong>2. VEEBILEHE K\u00dcLASTAJA \u00d5IGUSED<\/strong><\/h5>\n<p>2.1 OBH tagab k\u00fclastajale k\u00f5ik isikuandmete kaitse \u00fcldm\u00e4\u00e4rusega (IK\u00dcM) etten\u00e4htud \u00f5igused. Punktis 2.2 nimetatud \u00f5igusi saab k\u00fclastaja kasutada l\u00e4bi p\u00e4ringu tegemise e-kirja teel v\u00f5i kontakteerudes punktis 1.2 nimetatud andmekaitsespetsialistiga, edastades OBH-le oma IP-aadressi.<\/p>\n<p>2.2 IK\u00dcM alusel k\u00fclastajale tagatud \u00f5igused:<\/p>\n<p style=\"padding-left: 20px;\">2.2.1 k\u00fclastajal on \u00f5igus saada teavet, kas OBH t\u00f6\u00f6tleb tema isikuandmeid ning juhul kui t\u00f6\u00f6tleb, saada eelnimetatud andmetest koopia;<\/p>\n<p><\/p>\n<p style=\"padding-left: 20px;\">2.2.2 k\u00fclastajal on \u00f5igus n\u00f5uda teda puudutavate eba\u00f5igete isikuandmete parandamist;<\/p>\n<p><\/p>\n<p style=\"padding-left: 20px;\">2.2.3 k\u00fclastajal on \u00f5igus igal ajal tagasi v\u00f5tta isikuandmete t\u00f6\u00f6tlemise n\u00f5usolek (nt k\u00fcpsiste kasutamise n\u00f5usolek), kui t\u00f6\u00f6tlemine p\u00f5hineb n\u00f5usolekul. N\u00f5usoleku tagasiv\u00f5tmine ei m\u00f5juta enne tagasiv\u00f5tmist toimunud t\u00f6\u00f6tlemise seaduslikkust;<\/p>\n<p><\/p>\n<p style=\"padding-left: 20px;\">2.2.4 k\u00fclastajal on \u00f5igus n\u00f5uda oma isikuandmete kustutamist. OBH saab kustutada andmed, mida t\u00f6\u00f6deldakse n\u00f5usoleku v\u00f5i \u00f5igustatud huvi alusel, kui OBH huvid ei kaalu \u00fcle k\u00fclastaja huve. Kustutamise \u00f5igus ei kohaldu andmetele, mida t\u00f6\u00f6deldakse avalikust huvist l\u00e4htuvalt, seadusliku kohustuste t\u00e4itmiseks v\u00f5i lepingu alusel, kuni avalikust huvist v\u00f5i seadusest tulenev kohustus v\u00f5i lepingust tulenev kohustus kehtib;<\/p>\n<p><\/p>\n<p style=\"padding-left: 20px;\">2.2.5 k\u00fclastajal on \u00f5igus esitada vastuv\u00e4iteid oma isikuandmete (eelk\u00f5ige \u00f5igustatud huvil p\u00f5hinevale) t\u00f6\u00f6tlemisele ning piirata oma isikuandmete t\u00f6\u00f6tlemist, kui see on p\u00f5hjendatud;<\/p>\n<p><\/p>\n<p style=\"padding-left: 20px;\">2.2.6 k\u00fclastajal on \u00f5igus saada tema isikuandmeid, mida ta on ise esitanud n\u00f5usoleku alusel, struktureeritult ja masinloetaval kujul (kui see on tehniliselt v\u00f5imalik) teistele ettev\u00f5tetele edastamiseks;<\/p>\n<p><\/p>\n<p style=\"padding-left: 20px;\">2.2.7 k\u00fclastajal on \u00f5igus esitada kaebus isikuandmete t\u00f6\u00f6tlemise kohta Eesti Vabariigi Andmekaitse Inspektsioonile esitades see e-kirjaga aadressile <a href=\"mailto:info@aki.ee\">info@aki.ee<\/a> v\u00f5i koha peal Tatari 39, Tallinn.<\/p>\n<h5><strong>3. ISIKUANDMETE KATEGOORIAD<\/strong><\/h5>\n<p>3.1 OBH t\u00f6\u00f6tleb veebilehe k\u00fclastamisel j\u00e4rgmisi isikuandmeid piiratud ulatuses:<\/p>\n<p style=\"padding-left: 20px;\">3.1.1 <strong>veebilehe tehnilised andmed:<\/strong> IP-aadress (sealhulgas IP-aadressi p\u00f5hjal tuletatud ligikaudne asukoht, nt riik), internetiteenuse pakkuja, suunaja URL, k\u00fclastuse kuup\u00e4ev ja kellaaeg, kasutatava veebisirvija t\u00fc\u00fcp ja versioon, operatsioonis\u00fcsteem, seadme t\u00fc\u00fcp, edastatud andmete kogus ja olek. <em>Allikas: k\u00fclastaja seade ja veebisirvija<\/em><\/p>\n<p><\/p>\n<p style=\"padding-left: 20px;\">3.1.2 <strong>k\u00fcpsiste andmed:<\/strong> OBH kasutab veebilehel k\u00fcpsiseid, et veebilehte ja selle funktsioone optimeerida. M\u00f5ned veebik\u00fcpsised v\u00f5ivad koguda isikuandmeid. T\u00e4psema teabe saamiseks tutvuge OBH <a href=\"https:\/\/www.olybet.ee\/et\/veebikupsiste-andmed\">veebik\u00fcpsiste andmete lehega<\/a>.<\/p>\n<p><\/p>\n<p style=\"padding-left: 20px;\"><em>Allikas: k\u00fclastaja seade ja veebisirvija<\/em><\/p>\n<h5><strong>4. \u00d5IGUSLIKUD ALUSED JA EESM\u00c4RGID<\/strong><\/h5>\n<p>4.1 K\u00fclastaja isikuandmete t\u00f6\u00f6tlemise eesm\u00e4rgid ning \u00f5iguslikud alused on v\u00e4lja toodud allj\u00e4rgmises tabelis:<\/p>\n<div style=\"overflow-x: auto; -webkit-overflow-scrolling: touch; margin-bottom: 20px;\">\n<table style=\"border-collapse: collapse; min-width: 600px; width: 100%;\" border=\"1\">\n<thead>\n<tr>\n<th style=\"padding: 10px; text-align: left;\">Eesm\u00e4rk<\/th>\n<th style=\"padding: 10px; text-align: left;\">\u00d5iguslik alus<\/th>\n<th style=\"padding: 10px; text-align: left;\">Andmete kategooriad<\/th>\n<\/tr>\n<\/thead>\n<tbody>\n<tr>\n<td style=\"padding: 10px;\">K\u00fcpsiste n\u00f5usoleku haldamine ja t\u00f5endamine<\/td>\n<td style=\"padding: 10px;\">Juriidiline kohustus<\/td>\n<td style=\"padding: 10px;\">K\u00fcpsiste n\u00f5usoleku staatus, n\u00f5usoleku andmise aeg<\/td>\n<\/tr>\n<tr>\n<td style=\"padding: 10px;\">Veebilehe tehnilise toimimise ja sisu korrektse kuvamise tagamine<\/td>\n<td style=\"padding: 10px;\">\u00d5igustatud huvi<\/td>\n<td style=\"padding: 10px;\">Veebilehe andmed, funktsionaalsed seaded, sessiooniandmed<\/td>\n<\/tr>\n<tr>\n<td style=\"padding: 10px;\">Veebilehe kasutusstatistika ja anal\u00fc\u00fctika (Google Analytics)<\/td>\n<td style=\"padding: 10px;\">Andmesubjekti n\u00f5usolek<\/td>\n<td style=\"padding: 10px;\">IP-aadress, seadme ja veebisirvija tehnilised andmed, veebilehe andmed (kasutusstatistika)<\/td>\n<\/tr>\n<\/tbody>\n<\/table>\n<\/div>\n<p>4.2 Kui OBH t\u00f6\u00f6tleb isikuandmeid \u00f5igustatud huvi alusel, siis on ta hinnanud, et tema \u00f5igustatud huvi isikuandmete t\u00f6\u00f6tlemiseks teatud eesm\u00e4rkidel kaalub \u00fcles k\u00fclastaja huvid ja \u00f5igused.<\/p>\n<h5><strong>5. ISIKUANDMETE EDASTAMINE<\/strong><\/h5>\n<p>5.1 OBH v\u00f5ib isikuandmete volitatud t\u00f6\u00f6tlemisel kasutada volitatud t\u00f6\u00f6tlejaid, kes t\u00f6\u00f6tlevad isikuandmeid \u00fcksnes OBH poolt antud juhiste alusel ning ainult ulatuses, mis on vajalik k\u00e4esolevas dokumendis kirjeldatud eesm\u00e4rkide saavutamiseks. Koost\u00f6\u00f6partnerid v\u00f5ivad olla nii OBH grupisisesed ettev\u00f5tted kui ka grupiv\u00e4lised kolmandad isikud, kellega OBH on s\u00f5lminud asjakohased lepingud andmete t\u00f6\u00f6tlemiseks.<\/p>\n<p>5.2 Veebilehe k\u00fclastajate isikuandmeid v\u00f5idakse edastada OBH j\u00e4rgnevatele vastuv\u00f5tjate kategooriatele:<\/p>\n<p style=\"padding-left: 20px;\">5.2.1 Veebilehe anal\u00fc\u00fctikateenuste osutajatele (nt Google Analytics) juhul kui k\u00fclastaja on andnud selleks oma n\u00f5usoleku;<\/p>\n<p><\/p>\n<p style=\"padding-left: 20px;\">5.2.2 k\u00fcpsiste n\u00f5usoleku haldamise ja veebilehe tehnilise toimimisega seotud teenusepakkujatele;<\/p>\n<p><\/p>\n<p style=\"padding-left: 20px;\">5.2.3 veebimajutuse ja IT\u2011teenuste osutajatele, kuiv\u00f5rd see on vajalik veebilehe toimimise, turvalisuse ja kuritarvituste ennetamise tagamiseks;<\/p>\n<p><\/p>\n<p style=\"padding-left: 20px;\">5.2.4 OBH grupiettev\u00f5tetele ulatuses, mis on vajalik veebilehe toimimise, haldamise ja j\u00e4relevalve eesm\u00e4rgil ning koosk\u00f5las k\u00e4esoleva dokumendiga.<\/p>\n<p>5.3 \u00dcldjuhul asuvad OBH koost\u00f6\u00f6partnerid Eestis v\u00f5i Euroopa Majanduspiirkonnas. Kui isikuandmeid t\u00f6\u00f6tlev OBH koost\u00f6\u00f6partner asub v\u00e4ljaspool Euroopa Majanduspiirkonda, siis isikuandmete edastamisel kasutatavad kaitsemeetmed on: vastuv\u00f5tja riigi piisav andmekaitse tase vastavalt Euroopa Komisjoni otsusele v\u00f5i koost\u00f6\u00f6lepingus Euroopa Komisjoni poolt v\u00e4ljat\u00f6\u00f6tatud standardsete andmekaitseklauslite kasutamine.<\/p>\n<h5><strong>6. ISIKUANDMETE S\u00c4ILITAMINE<\/strong><\/h5>\n<p>6.1 Veebilehe k\u00fclastajate isikuandmeid s\u00e4ilitatakse \u00fcksnes niikaua, kui see on vajalik k\u00e4esolevas dokumendis kirjeldatud eesm\u00e4rkide saavutamiseks.<\/p>\n<p>6.2 IP-aadresse ja muid veebilehe tehnilisi logiandmeid t\u00f6\u00f6deldakse veebilehe tehnilise toimimise ja turvalisuse eesm\u00e4rgil ning neid s\u00e4ilitatakse piiratud ajavahemiku jooksul vastavalt tehniliste logide s\u00e4ilitamise tavapraktikale.<\/p>\n<p>6.3 K\u00fcpsiste kaudu kogutavate andmete s\u00e4ilitusajad on j\u00e4rgmised:<\/p>\n<p style=\"padding-left: 20px;\">6.3.1 anal\u00fc\u00fctikak\u00fcpsiste andmeid (nt Google Analytics) s\u00e4ilitatakse kuni 2 aastat;<\/p>\n<p><\/p>\n<p style=\"padding-left: 20px;\">6.3.2 k\u00fcpsiste n\u00f5usoleku haldamisega seotud andmeid (CookieConsent) s\u00e4ilitatakse kuni 1 aasta;<\/p>\n<p><\/p>\n<p style=\"padding-left: 20px;\">6.3.3 funktsionaalseid ja eelistusk\u00fcpsiseid (sh keelevalik) s\u00e4ilitatakse sessiooni kestel v\u00f5i vastavalt nende tehnilisele toimimisele.<\/p>\n\t\t\t\t\t\t\t\t<\/div>\n\t\t\t\t\t<\/div>\n\t\t\t\t<\/div>\n\t\t\t\t<\/div>\n\t\t","protected":false},"excerpt":{"rendered":"<p>OlySafe andmekaitsetingimused Kehtiv alates: 24-04-2026 1. \u00dcLDS\u00c4TTED 1.1 Isikuandmete vastutav t\u00f6\u00f6tleja on OB Holding 1 O\u00dc (edaspidi OBH), registrikood 14975047, aadressiga Pronksi 19, Tallinn 10124, Eesti, +3726671250, estonia@oc.eu. 1.2 OBH andmekaitsespetsialisti kontaktid on: OlybetEstoniaDPO@olybet.com, Pronksi 19, Tallinn 10124. 1.3 OBH rakendab asjakohaseid tehnilisi ja korralduslikke meetmeid, et kaitsta isikuandmeid loata juurdep\u00e4\u00e4su, ebaseadusliku avalikustamise, juhusliku kaotsimineku, [&hellip;]<\/p>\n","protected":false},"author":3,"featured_media":0,"parent":0,"menu_order":0,"comment_status":"closed","ping_status":"open","template":"","meta":{"footnotes":""},"class_list":["post-780","page","type-page","status-publish","hentry"],"yoast_head":"<!-- This site is optimized with the Yoast SEO plugin v27.5 - https:\/\/yoast.com\/product\/yoast-seo-wordpress\/ -->\n<title>Privaatsuspoliitika - OlySafe<\/title>\n<meta name=\"robots\" content=\"index, follow, max-snippet:-1, max-image-preview:large, max-video-preview:-1\" \/>\n<link rel=\"canonical\" href=\"https:\/\/olysafe.com\/et\/andmekaitsetingimused\/\" \/>\n<meta property=\"og:locale\" content=\"et_EE\" \/>\n<meta property=\"og:type\" content=\"article\" \/>\n<meta property=\"og:title\" content=\"Privaatsuspoliitika - OlySafe\" \/>\n<meta property=\"og:description\" content=\"OlySafe andmekaitsetingimused Kehtiv alates: 24-04-2026 1. \u00dcLDS\u00c4TTED 1.1 Isikuandmete vastutav t\u00f6\u00f6tleja on OB Holding 1 O\u00dc (edaspidi OBH), registrikood 14975047, aadressiga Pronksi 19, Tallinn 10124, Eesti, +3726671250, estonia@oc.eu. 1.2 OBH andmekaitsespetsialisti kontaktid on: OlybetEstoniaDPO@olybet.com, Pronksi 19, Tallinn 10124. 1.3 OBH rakendab asjakohaseid tehnilisi ja korralduslikke meetmeid, et kaitsta isikuandmeid loata juurdep\u00e4\u00e4su, ebaseadusliku avalikustamise, juhusliku kaotsimineku, [&hellip;]\" \/>\n<meta property=\"og:url\" content=\"https:\/\/olysafe.com\/et\/andmekaitsetingimused\/\" \/>\n<meta property=\"og:site_name\" content=\"OlySafe\" \/>\n<meta property=\"article:modified_time\" content=\"2026-04-28T08:57:37+00:00\" \/>\n<meta name=\"twitter:card\" content=\"summary_large_image\" \/>\n<meta name=\"twitter:label1\" content=\"Est. reading time\" \/>\n\t<meta name=\"twitter:data1\" content=\"5 minutit\" \/>\n<script type=\"application\/ld+json\" class=\"yoast-schema-graph\">{\"@context\":\"https:\\\/\\\/schema.org\",\"@graph\":[{\"@type\":\"WebPage\",\"@id\":\"https:\\\/\\\/olysafe.com\\\/et\\\/andmekaitsetingimused\\\/\",\"url\":\"https:\\\/\\\/olysafe.com\\\/et\\\/andmekaitsetingimused\\\/\",\"name\":\"Privaatsuspoliitika - OlySafe\",\"isPartOf\":{\"@id\":\"https:\\\/\\\/olysafe.com\\\/et\\\/#website\"},\"datePublished\":\"2026-02-03T09:14:00+00:00\",\"dateModified\":\"2026-04-28T08:57:37+00:00\",\"breadcrumb\":{\"@id\":\"https:\\\/\\\/olysafe.com\\\/et\\\/andmekaitsetingimused\\\/#breadcrumb\"},\"inLanguage\":\"et\",\"potentialAction\":[{\"@type\":\"ReadAction\",\"target\":[\"https:\\\/\\\/olysafe.com\\\/et\\\/andmekaitsetingimused\\\/\"]}]},{\"@type\":\"BreadcrumbList\",\"@id\":\"https:\\\/\\\/olysafe.com\\\/et\\\/andmekaitsetingimused\\\/#breadcrumb\",\"itemListElement\":[{\"@type\":\"ListItem\",\"position\":1,\"name\":\"Home\",\"item\":\"https:\\\/\\\/olysafe.com\\\/et\\\/\"},{\"@type\":\"ListItem\",\"position\":2,\"name\":\"Privaatsuspoliitika\"}]},{\"@type\":\"WebSite\",\"@id\":\"https:\\\/\\\/olysafe.com\\\/et\\\/#website\",\"url\":\"https:\\\/\\\/olysafe.com\\\/et\\\/\",\"name\":\"Responsible Gaming\",\"description\":\"Leading voice for responsible gaming\",\"publisher\":{\"@id\":\"https:\\\/\\\/olysafe.com\\\/et\\\/#organization\"},\"potentialAction\":[{\"@type\":\"SearchAction\",\"target\":{\"@type\":\"EntryPoint\",\"urlTemplate\":\"https:\\\/\\\/olysafe.com\\\/et\\\/?s={search_term_string}\"},\"query-input\":{\"@type\":\"PropertyValueSpecification\",\"valueRequired\":true,\"valueName\":\"search_term_string\"}}],\"inLanguage\":\"et\"},{\"@type\":\"Organization\",\"@id\":\"https:\\\/\\\/olysafe.com\\\/et\\\/#organization\",\"name\":\"Responsible Gaming\",\"url\":\"https:\\\/\\\/olysafe.com\\\/et\\\/\",\"logo\":{\"@type\":\"ImageObject\",\"inLanguage\":\"et\",\"@id\":\"https:\\\/\\\/olysafe.com\\\/et\\\/#\\\/schema\\\/logo\\\/image\\\/\",\"url\":\"https:\\\/\\\/olysafe.com\\\/wp-content\\\/uploads\\\/2026\\\/02\\\/Olysafe_Logo.png\",\"contentUrl\":\"https:\\\/\\\/olysafe.com\\\/wp-content\\\/uploads\\\/2026\\\/02\\\/Olysafe_Logo.png\",\"width\":500,\"height\":228,\"caption\":\"Responsible Gaming\"},\"image\":{\"@id\":\"https:\\\/\\\/olysafe.com\\\/et\\\/#\\\/schema\\\/logo\\\/image\\\/\"}}]}<\/script>\n<!-- \/ Yoast SEO plugin. -->","yoast_head_json":{"title":"Privaatsuspoliitika - OlySafe","robots":{"index":"index","follow":"follow","max-snippet":"max-snippet:-1","max-image-preview":"max-image-preview:large","max-video-preview":"max-video-preview:-1"},"canonical":"https:\/\/olysafe.com\/et\/andmekaitsetingimused\/","og_locale":"et_EE","og_type":"article","og_title":"Privaatsuspoliitika - OlySafe","og_description":"OlySafe andmekaitsetingimused Kehtiv alates: 24-04-2026 1. \u00dcLDS\u00c4TTED 1.1 Isikuandmete vastutav t\u00f6\u00f6tleja on OB Holding 1 O\u00dc (edaspidi OBH), registrikood 14975047, aadressiga Pronksi 19, Tallinn 10124, Eesti, +3726671250, estonia@oc.eu. 1.2 OBH andmekaitsespetsialisti kontaktid on: OlybetEstoniaDPO@olybet.com, Pronksi 19, Tallinn 10124. 1.3 OBH rakendab asjakohaseid tehnilisi ja korralduslikke meetmeid, et kaitsta isikuandmeid loata juurdep\u00e4\u00e4su, ebaseadusliku avalikustamise, juhusliku kaotsimineku, [&hellip;]","og_url":"https:\/\/olysafe.com\/et\/andmekaitsetingimused\/","og_site_name":"OlySafe","article_modified_time":"2026-04-28T08:57:37+00:00","twitter_card":"summary_large_image","twitter_misc":{"Est. reading time":"5 minutit"},"schema":{"@context":"https:\/\/schema.org","@graph":[{"@type":"WebPage","@id":"https:\/\/olysafe.com\/et\/andmekaitsetingimused\/","url":"https:\/\/olysafe.com\/et\/andmekaitsetingimused\/","name":"Privaatsuspoliitika - OlySafe","isPartOf":{"@id":"https:\/\/olysafe.com\/et\/#website"},"datePublished":"2026-02-03T09:14:00+00:00","dateModified":"2026-04-28T08:57:37+00:00","breadcrumb":{"@id":"https:\/\/olysafe.com\/et\/andmekaitsetingimused\/#breadcrumb"},"inLanguage":"et","potentialAction":[{"@type":"ReadAction","target":["https:\/\/olysafe.com\/et\/andmekaitsetingimused\/"]}]},{"@type":"BreadcrumbList","@id":"https:\/\/olysafe.com\/et\/andmekaitsetingimused\/#breadcrumb","itemListElement":[{"@type":"ListItem","position":1,"name":"Home","item":"https:\/\/olysafe.com\/et\/"},{"@type":"ListItem","position":2,"name":"Privaatsuspoliitika"}]},{"@type":"WebSite","@id":"https:\/\/olysafe.com\/et\/#website","url":"https:\/\/olysafe.com\/et\/","name":"Responsible Gaming","description":"Leading voice for responsible gaming","publisher":{"@id":"https:\/\/olysafe.com\/et\/#organization"},"potentialAction":[{"@type":"SearchAction","target":{"@type":"EntryPoint","urlTemplate":"https:\/\/olysafe.com\/et\/?s={search_term_string}"},"query-input":{"@type":"PropertyValueSpecification","valueRequired":true,"valueName":"search_term_string"}}],"inLanguage":"et"},{"@type":"Organization","@id":"https:\/\/olysafe.com\/et\/#organization","name":"Responsible Gaming","url":"https:\/\/olysafe.com\/et\/","logo":{"@type":"ImageObject","inLanguage":"et","@id":"https:\/\/olysafe.com\/et\/#\/schema\/logo\/image\/","url":"https:\/\/olysafe.com\/wp-content\/uploads\/2026\/02\/Olysafe_Logo.png","contentUrl":"https:\/\/olysafe.com\/wp-content\/uploads\/2026\/02\/Olysafe_Logo.png","width":500,"height":228,"caption":"Responsible Gaming"},"image":{"@id":"https:\/\/olysafe.com\/et\/#\/schema\/logo\/image\/"}}]}},"_links":{"self":[{"href":"https:\/\/olysafe.com\/et\/wp-json\/wp\/v2\/pages\/780","targetHints":{"allow":["GET"]}}],"collection":[{"href":"https:\/\/olysafe.com\/et\/wp-json\/wp\/v2\/pages"}],"about":[{"href":"https:\/\/olysafe.com\/et\/wp-json\/wp\/v2\/types\/page"}],"author":[{"embeddable":true,"href":"https:\/\/olysafe.com\/et\/wp-json\/wp\/v2\/users\/3"}],"replies":[{"embeddable":true,"href":"https:\/\/olysafe.com\/et\/wp-json\/wp\/v2\/comments?post=780"}],"version-history":[{"count":4,"href":"https:\/\/olysafe.com\/et\/wp-json\/wp\/v2\/pages\/780\/revisions"}],"predecessor-version":[{"id":956,"href":"https:\/\/olysafe.com\/et\/wp-json\/wp\/v2\/pages\/780\/revisions\/956"}],"wp:attachment":[{"href":"https:\/\/olysafe.com\/et\/wp-json\/wp\/v2\/media?parent=780"}],"curies":[{"name":"wp","href":"https:\/\/api.w.org\/{rel}","templated":true}]}}