{"id":729,"date":"2026-04-22T18:41:37","date_gmt":"2026-04-22T15:41:37","guid":{"rendered":"https:\/\/olysafe.com\/sikdatnu-politika\/"},"modified":"2026-04-27T18:03:02","modified_gmt":"2026-04-27T15:03:02","slug":"sikdatnu-politika","status":"publish","type":"page","link":"https:\/\/olysafe.com\/lv\/sikdatnu-politika\/","title":{"rendered":"S\u012bkdat\u0146u Politika"},"content":{"rendered":"\t\t<div data-elementor-type=\"wp-page\" data-elementor-id=\"729\" class=\"elementor elementor-729 elementor-717\" data-elementor-post-type=\"page\">\n\t\t\t\t<div class=\"elementor-element elementor-element-c56d5cb e-flex e-con-boxed e-con e-parent\" data-id=\"c56d5cb\" data-element_type=\"container\" data-e-type=\"container\" data-settings=\"{&quot;background_background&quot;:&quot;classic&quot;}\">\n\t\t\t\t\t<div class=\"e-con-inner\">\n\t\t<div class=\"elementor-element elementor-element-fb0a56f e-flex e-con-boxed e-con e-child\" data-id=\"fb0a56f\" data-element_type=\"container\" data-e-type=\"container\">\n\t\t\t\t\t<div class=\"e-con-inner\">\n\t\t<div class=\"elementor-element elementor-element-7a34a76 e-con-full e-flex e-con e-child\" data-id=\"7a34a76\" data-element_type=\"container\" data-e-type=\"container\">\n\t\t\t\t<div class=\"elementor-element elementor-element-e39ef72 elementor-widget elementor-widget-heading\" data-id=\"e39ef72\" data-element_type=\"widget\" data-e-type=\"widget\" data-widget_type=\"heading.default\">\n\t\t\t\t\t<h1 class=\"elementor-heading-title elementor-size-default\">S\u012aKDAT\u0145U POLITIKA<\/h1>\t\t\t\t<\/div>\n\t\t\t\t<\/div>\n\t\t\t\t\t<\/div>\n\t\t\t\t<\/div>\n\t\t\t\t\t<\/div>\n\t\t\t\t<\/div>\n\t\t<div class=\"elementor-element elementor-element-70ac248 e-flex e-con-boxed e-con e-parent\" data-id=\"70ac248\" data-element_type=\"container\" data-e-type=\"container\" data-settings=\"{&quot;background_background&quot;:&quot;classic&quot;}\">\n\t\t\t\t\t<div class=\"e-con-inner\">\n\t\t<div class=\"elementor-element elementor-element-be6b2e4 e-flex e-con-boxed e-con e-child\" data-id=\"be6b2e4\" data-element_type=\"container\" data-e-type=\"container\">\n\t\t\t\t\t<div class=\"e-con-inner\">\n\t\t<div class=\"elementor-element elementor-element-b809ef2 e-con-full e-flex e-con e-child\" data-id=\"b809ef2\" data-element_type=\"container\" data-e-type=\"container\">\n\t\t\t\t<div class=\"elementor-element elementor-element-20cfb27 elementor-widget elementor-widget-html\" data-id=\"20cfb27\" data-element_type=\"widget\" data-e-type=\"widget\" data-widget_type=\"html.default\">\n\t\t\t\t\t<script id=\"CookieDeclaration\" data-culture=\"lv\" src=\"https:\/\/consent.cookiebot.com\/a2707f9a-3ad1-4518-9561-b8c4cb0571e1\/cd.js\" type=\"text\/javascript\" async><\/script>\t\t\t\t<\/div>\n\t\t\t\t<\/div>\n\t\t\t\t\t<\/div>\n\t\t\t\t<\/div>\n\t\t\t\t\t<\/div>\n\t\t\t\t<\/div>\n\t\t\t\t<\/div>\n\t\t","protected":false},"excerpt":{"rendered":"<p>S\u012aKDAT\u0145U POLITIKA<\/p>\n","protected":false},"author":3,"featured_media":0,"parent":0,"menu_order":0,"comment_status":"closed","ping_status":"closed","template":"","meta":{"footnotes":""},"class_list":["post-729","page","type-page","status-publish","hentry"],"yoast_head":"<!-- This site is optimized with the Yoast SEO plugin v27.5 - https:\/\/yoast.com\/product\/yoast-seo-wordpress\/ -->\n<title>S\u012bkdat\u0146u Politika - OlySafe<\/title>\n<meta name=\"robots\" content=\"index, follow, max-snippet:-1, max-image-preview:large, max-video-preview:-1\" \/>\n<link rel=\"canonical\" href=\"https:\/\/olysafe.com\/lv\/sikdatnu-politika\/\" \/>\n<meta property=\"og:locale\" content=\"lv_LV\" \/>\n<meta property=\"og:type\" content=\"article\" \/>\n<meta property=\"og:title\" content=\"S\u012bkdat\u0146u Politika - OlySafe\" \/>\n<meta property=\"og:description\" content=\"S\u012aKDAT\u0145U POLITIKA\" \/>\n<meta property=\"og:url\" content=\"https:\/\/olysafe.com\/lv\/sikdatnu-politika\/\" \/>\n<meta property=\"og:site_name\" content=\"OlySafe\" \/>\n<meta property=\"article:modified_time\" content=\"2026-04-27T15:03:02+00:00\" \/>\n<meta name=\"twitter:card\" content=\"summary_large_image\" \/>\n<script type=\"application\/ld+json\" class=\"yoast-schema-graph\">{\"@context\":\"https:\\\/\\\/schema.org\",\"@graph\":[{\"@type\":\"WebPage\",\"@id\":\"https:\\\/\\\/olysafe.com\\\/lv\\\/sikdatnu-politika\\\/\",\"url\":\"https:\\\/\\\/olysafe.com\\\/lv\\\/sikdatnu-politika\\\/\",\"name\":\"S\u012bkdat\u0146u Politika - OlySafe\",\"isPartOf\":{\"@id\":\"https:\\\/\\\/olysafe.com\\\/lv\\\/#website\"},\"datePublished\":\"2026-04-22T15:41:37+00:00\",\"dateModified\":\"2026-04-27T15:03:02+00:00\",\"breadcrumb\":{\"@id\":\"https:\\\/\\\/olysafe.com\\\/lv\\\/sikdatnu-politika\\\/#breadcrumb\"},\"inLanguage\":\"lv-LV\",\"potentialAction\":[{\"@type\":\"ReadAction\",\"target\":[\"https:\\\/\\\/olysafe.com\\\/lv\\\/sikdatnu-politika\\\/\"]}]},{\"@type\":\"BreadcrumbList\",\"@id\":\"https:\\\/\\\/olysafe.com\\\/lv\\\/sikdatnu-politika\\\/#breadcrumb\",\"itemListElement\":[{\"@type\":\"ListItem\",\"position\":1,\"name\":\"Home\",\"item\":\"https:\\\/\\\/olysafe.com\\\/lv\\\/\"},{\"@type\":\"ListItem\",\"position\":2,\"name\":\"S\u012bkdat\u0146u Politika\"}]},{\"@type\":\"WebSite\",\"@id\":\"https:\\\/\\\/olysafe.com\\\/lv\\\/#website\",\"url\":\"https:\\\/\\\/olysafe.com\\\/lv\\\/\",\"name\":\"Responsible Gaming\",\"description\":\"Leading voice for responsible gaming\",\"publisher\":{\"@id\":\"https:\\\/\\\/olysafe.com\\\/lv\\\/#organization\"},\"potentialAction\":[{\"@type\":\"SearchAction\",\"target\":{\"@type\":\"EntryPoint\",\"urlTemplate\":\"https:\\\/\\\/olysafe.com\\\/lv\\\/?s={search_term_string}\"},\"query-input\":{\"@type\":\"PropertyValueSpecification\",\"valueRequired\":true,\"valueName\":\"search_term_string\"}}],\"inLanguage\":\"lv-LV\"},{\"@type\":\"Organization\",\"@id\":\"https:\\\/\\\/olysafe.com\\\/lv\\\/#organization\",\"name\":\"Responsible Gaming\",\"url\":\"https:\\\/\\\/olysafe.com\\\/lv\\\/\",\"logo\":{\"@type\":\"ImageObject\",\"inLanguage\":\"lv-LV\",\"@id\":\"https:\\\/\\\/olysafe.com\\\/lv\\\/#\\\/schema\\\/logo\\\/image\\\/\",\"url\":\"https:\\\/\\\/olysafe.com\\\/wp-content\\\/uploads\\\/2026\\\/02\\\/Olysafe_Logo.png\",\"contentUrl\":\"https:\\\/\\\/olysafe.com\\\/wp-content\\\/uploads\\\/2026\\\/02\\\/Olysafe_Logo.png\",\"width\":500,\"height\":228,\"caption\":\"Responsible Gaming\"},\"image\":{\"@id\":\"https:\\\/\\\/olysafe.com\\\/lv\\\/#\\\/schema\\\/logo\\\/image\\\/\"}}]}<\/script>\n<!-- \/ Yoast SEO plugin. -->","yoast_head_json":{"title":"S\u012bkdat\u0146u Politika - OlySafe","robots":{"index":"index","follow":"follow","max-snippet":"max-snippet:-1","max-image-preview":"max-image-preview:large","max-video-preview":"max-video-preview:-1"},"canonical":"https:\/\/olysafe.com\/lv\/sikdatnu-politika\/","og_locale":"lv_LV","og_type":"article","og_title":"S\u012bkdat\u0146u Politika - OlySafe","og_description":"S\u012aKDAT\u0145U POLITIKA","og_url":"https:\/\/olysafe.com\/lv\/sikdatnu-politika\/","og_site_name":"OlySafe","article_modified_time":"2026-04-27T15:03:02+00:00","twitter_card":"summary_large_image","schema":{"@context":"https:\/\/schema.org","@graph":[{"@type":"WebPage","@id":"https:\/\/olysafe.com\/lv\/sikdatnu-politika\/","url":"https:\/\/olysafe.com\/lv\/sikdatnu-politika\/","name":"S\u012bkdat\u0146u Politika - OlySafe","isPartOf":{"@id":"https:\/\/olysafe.com\/lv\/#website"},"datePublished":"2026-04-22T15:41:37+00:00","dateModified":"2026-04-27T15:03:02+00:00","breadcrumb":{"@id":"https:\/\/olysafe.com\/lv\/sikdatnu-politika\/#breadcrumb"},"inLanguage":"lv-LV","potentialAction":[{"@type":"ReadAction","target":["https:\/\/olysafe.com\/lv\/sikdatnu-politika\/"]}]},{"@type":"BreadcrumbList","@id":"https:\/\/olysafe.com\/lv\/sikdatnu-politika\/#breadcrumb","itemListElement":[{"@type":"ListItem","position":1,"name":"Home","item":"https:\/\/olysafe.com\/lv\/"},{"@type":"ListItem","position":2,"name":"S\u012bkdat\u0146u Politika"}]},{"@type":"WebSite","@id":"https:\/\/olysafe.com\/lv\/#website","url":"https:\/\/olysafe.com\/lv\/","name":"Responsible Gaming","description":"Leading voice for responsible gaming","publisher":{"@id":"https:\/\/olysafe.com\/lv\/#organization"},"potentialAction":[{"@type":"SearchAction","target":{"@type":"EntryPoint","urlTemplate":"https:\/\/olysafe.com\/lv\/?s={search_term_string}"},"query-input":{"@type":"PropertyValueSpecification","valueRequired":true,"valueName":"search_term_string"}}],"inLanguage":"lv-LV"},{"@type":"Organization","@id":"https:\/\/olysafe.com\/lv\/#organization","name":"Responsible Gaming","url":"https:\/\/olysafe.com\/lv\/","logo":{"@type":"ImageObject","inLanguage":"lv-LV","@id":"https:\/\/olysafe.com\/lv\/#\/schema\/logo\/image\/","url":"https:\/\/olysafe.com\/wp-content\/uploads\/2026\/02\/Olysafe_Logo.png","contentUrl":"https:\/\/olysafe.com\/wp-content\/uploads\/2026\/02\/Olysafe_Logo.png","width":500,"height":228,"caption":"Responsible Gaming"},"image":{"@id":"https:\/\/olysafe.com\/lv\/#\/schema\/logo\/image\/"}}]}},"_links":{"self":[{"href":"https:\/\/olysafe.com\/lv\/wp-json\/wp\/v2\/pages\/729","targetHints":{"allow":["GET"]}}],"collection":[{"href":"https:\/\/olysafe.com\/lv\/wp-json\/wp\/v2\/pages"}],"about":[{"href":"https:\/\/olysafe.com\/lv\/wp-json\/wp\/v2\/types\/page"}],"author":[{"embeddable":true,"href":"https:\/\/olysafe.com\/lv\/wp-json\/wp\/v2\/users\/3"}],"replies":[{"embeddable":true,"href":"https:\/\/olysafe.com\/lv\/wp-json\/wp\/v2\/comments?post=729"}],"version-history":[{"count":7,"href":"https:\/\/olysafe.com\/lv\/wp-json\/wp\/v2\/pages\/729\/revisions"}],"predecessor-version":[{"id":948,"href":"https:\/\/olysafe.com\/lv\/wp-json\/wp\/v2\/pages\/729\/revisions\/948"}],"wp:attachment":[{"href":"https:\/\/olysafe.com\/lv\/wp-json\/wp\/v2\/media?parent=729"}],"curies":[{"name":"wp","href":"https:\/\/api.w.org\/{rel}","templated":true}]}}