{"id":784,"date":"2026-02-03T11:14:00","date_gmt":"2026-02-03T09:14:00","guid":{"rendered":"https:\/\/olysafe.com\/privatuma-politika\/"},"modified":"2026-04-28T11:58:41","modified_gmt":"2026-04-28T08:58:41","slug":"privatuma-politika","status":"publish","type":"page","link":"https:\/\/olysafe.com\/lv\/privatuma-politika\/","title":{"rendered":"Priv\u0101tuma politika"},"content":{"rendered":"\t\t<div data-elementor-type=\"wp-page\" data-elementor-id=\"784\" class=\"elementor elementor-784 elementor-3\" data-elementor-post-type=\"page\">\n\t\t\t\t<div class=\"elementor-element elementor-element-6dca64a e-flex e-con-boxed e-con e-parent\" data-id=\"6dca64a\" data-element_type=\"container\" data-e-type=\"container\" data-settings=\"{&quot;background_background&quot;:&quot;classic&quot;}\">\n\t\t\t\t\t<div class=\"e-con-inner\">\n\t\t<div class=\"elementor-element elementor-element-cd4e169 e-flex e-con-boxed e-con e-child\" data-id=\"cd4e169\" data-element_type=\"container\" data-e-type=\"container\">\n\t\t\t\t\t<div class=\"e-con-inner\">\n\t\t<div class=\"elementor-element elementor-element-cc53a2e e-con-full e-flex e-con e-child\" data-id=\"cc53a2e\" data-element_type=\"container\" data-e-type=\"container\">\n\t\t\t\t<div class=\"elementor-element elementor-element-3a9a355 elementor-widget elementor-widget-heading\" data-id=\"3a9a355\" data-element_type=\"widget\" data-e-type=\"widget\" data-widget_type=\"heading.default\">\n\t\t\t\t\t<h1 class=\"elementor-heading-title elementor-size-default\">OlySafe Priv\u0101tuma pazi\u0146ojums<\/h1>\t\t\t\t<\/div>\n\t\t\t\t<\/div>\n\t\t\t\t\t<\/div>\n\t\t\t\t<\/div>\n\t\t\t\t\t<\/div>\n\t\t\t\t<\/div>\n\t\t<div class=\"elementor-element elementor-element-61c7df3b e-flex e-con-boxed e-con e-parent\" data-id=\"61c7df3b\" data-element_type=\"container\" data-e-type=\"container\" data-settings=\"{&quot;background_background&quot;:&quot;classic&quot;}\">\n\t\t\t\t\t<div class=\"e-con-inner\">\n\t\t\t\t<div class=\"elementor-element elementor-element-48a8482 elementor-widget elementor-widget-text-editor\" data-id=\"48a8482\" data-element_type=\"widget\" data-e-type=\"widget\" data-widget_type=\"text-editor.default\">\n\t\t\t\t\t\t\t\t\t<p style=\"text-align: right;\"><strong>Sp\u0113k\u0101 no: 24-04-2026<\/strong><\/p>\n<h5><strong>1. VISP\u0100R\u012aGIE NOTEIKUMI<\/strong><\/h5>\n<p>1.1 \u0160is pazi\u0146ojums izskaidro personas datu apstr\u0101di t\u012bmek\u013ca vietn\u0113 olysafe.com, kas sniedz inform\u0101ciju par atbild\u012bgu sp\u0113li, k\u0101 ar\u012b t\u012bmek\u013ca vietnes apmekl\u0113t\u0101ja ties\u012bbas saist\u012bb\u0101 ar personas datu apstr\u0101di.<\/p>\n<p>1.2 Datu p\u0101rzinis ir OB Holding 1 O\u00dc (turpm\u0101k tekst\u0101 \u2014 OBH), re\u0123istr\u0101cijas numurs 14975047, adrese: Pronksi 19, Tallina 10124, Igaunija, t\u0101lrunis: +3726671250, e-pasts: <a href=\"mailto:estonia@oc.eu\">estonia@oc.eu<\/a>.<\/p>\n<p>1.3 OBH datu aizsardz\u012bbas speci\u0101lista kontaktinform\u0101cija: <a href=\"mailto:OlybetEstoniaDPO@olybet.com\">OlybetEstoniaDPO@olybet.com<\/a>, Pronksi 19, Tallina 10124.<\/p>\n<p>1.4 OBH \u012bsteno atbilsto\u0161us tehniskos un organizatoriskos pas\u0101kumus, lai aizsarg\u0101tu personas datus pret neat\u013cautu piek\u013cuvi, nelikum\u012bgu izpau\u0161anu, nejau\u0161u nozaud\u0113\u0161anu, p\u0101rveido\u0161anu, izn\u012bcin\u0101\u0161anu vai citu nelikum\u012bgu apstr\u0101di. M\u0113s ar\u012b piepras\u0101m no m\u016bsu sadarb\u012bbas partneriem (apstr\u0101d\u0101t\u0101jiem), kuriem m\u0113s nododam personas datus saska\u0146\u0101 ar \u0161o Priv\u0101tuma pazi\u0146ojumu, \u012bstenot nepiecie\u0161amos organizatoriskos, fiziskos un IT dro\u0161\u012bbas pas\u0101kumus. Tom\u0113r, l\u016bdzu, \u0146emiet v\u0113r\u0101, ka, pat izmantojot visus tehniskos un organizatoriskos pas\u0101kumus personas datu aizsardz\u012bbai, joproj\u0101m past\u0101v zin\u0101mi riski, piem\u0113ram, cilv\u0113ciskas k\u013c\u016bdas, kiberuzbrukumi, elektroapg\u0101des trauc\u0113jumi, programmat\u016bras k\u013c\u016bdas vai indiv\u012bda \u013caunpr\u0101t\u012bga r\u012bc\u012bba. Atkl\u0101jot \u0161\u0101du p\u0101rk\u0101pumu, m\u0113s veiksim visus sapr\u0101t\u012bgos pas\u0101kumus, lai mazin\u0101tu risku m\u016bsu apmekl\u0113t\u0101jiem.<\/p>\n<p>1.5 Ja OBH groz\u012bs pazi\u0146ojumu par personas datu apstr\u0101di, tas public\u0113s atjaunin\u0101to versiju savas t\u012bmek\u013ca vietnes k\u0101jen\u0113 sada\u013c\u0101 \u201cPriv\u0101tuma pazi\u0146ojums\u201d. Atkar\u012bb\u0101 no groz\u012bjumu satura un ietekmes m\u0113s varam pazi\u0146ot vai nepazi\u0146ot t\u012bmek\u013ca vietnes apmekl\u0113t\u0101jam par groz\u012bjumiem. Ja m\u0113s b\u016btiski main\u012bsim savu datu apstr\u0101des praksi, jo \u012bpa\u0161i, ievie\u0161ot jaunas apstr\u0101des darb\u012bbas vai tehnolo\u0123ijas, m\u0113s par to pazi\u0146osim sapr\u0101t\u012bg\u0101 termi\u0146\u0101 iepriek\u0161.<\/p>\n<h5><strong>2. T\u012aMEK\u013bA VIETNES APMEKL\u0112T\u0100JA TIES\u012aBAS<\/strong><\/h5>\n<p>2.1 OBH garant\u0113 t\u012bmek\u013ca vietnes apmekl\u0113t\u0101jam visas ties\u012bbas, kas noteiktas Visp\u0101r\u012bgaj\u0101 datu aizsardz\u012bbas regul\u0101 (VDAR). Lai izmantotu punkt\u0101 2.2 min\u0113t\u0101s ties\u012bbas, t\u012bmek\u013ca vietnes apmekl\u0113t\u0101js var sazin\u0101ties ar punkt\u0101 1.3 nor\u0101d\u012bto datu aizsardz\u012bbas speci\u0101listu, nododot OBH savu IP adresi.<\/p>\n<p>2.2 Saska\u0146\u0101 ar VDAR datu subjektam garant\u0113t\u0101s ties\u012bbas:<\/p>\n<p style=\"padding-left: 20px;\">2.2.1 t\u012bmek\u013ca vietnes apmekl\u0113t\u0101jam ir ties\u012bbas sa\u0146emt inform\u0101ciju par to, vai OBH apstr\u0101d\u0101 vi\u0146a personas datus, un, ja apstr\u0101d\u0101, sa\u0146emt iepriek\u0161 min\u0113to datu kopiju;<\/p>\n<p><\/p>\n<p style=\"padding-left: 20px;\">2.2.2 t\u012bmek\u013ca vietnes apmekl\u0113t\u0101jam ir ties\u012bbas piepras\u012bt neprec\u012bzu vi\u0146u attiec\u012bgo personas datu labo\u0161anu;<\/p>\n<p><\/p>\n<p style=\"padding-left: 20px;\">2.2.3 t\u012bmek\u013ca vietnes apmekl\u0113t\u0101jam ir ties\u012bbas jebkur\u0101 laik\u0101 atsaukt savu piekri\u0161anu personas datu apstr\u0101dei (piem\u0113ram, piekri\u0161anu s\u012bkdat\u0146u izmanto\u0161anai), ja apstr\u0101de pamatojas uz piekri\u0161anu. Piekri\u0161anas atsauk\u0161ana neietekm\u0113 t\u0101s apstr\u0101des likum\u012bbu, kas veikta pirms atsauk\u0161anas;<\/p>\n<p><\/p>\n<p style=\"padding-left: 20px;\">2.2.4 t\u012bmek\u013ca vietnes apmekl\u0113t\u0101jam ir ties\u012bbas piepras\u012bt savu personas datu dz\u0113\u0161anu. OBH var dz\u0113st datus, kas tiek apstr\u0101d\u0101ti, pamatojoties uz piekri\u0161anu vai le\u0123it\u012bmaj\u0101m interes\u0113m, ja OBH intereses nep\u0101rsniedz apmekl\u0113t\u0101ja intereses. Ties\u012bbas uz datu dz\u0113\u0161anu neattiecas uz datiem, kas tiek apstr\u0101d\u0101ti sabiedr\u012bbas intere\u0161u, juridisku vai l\u012bgumisku pien\u0101kumu izpildei, kam\u0113r \u0161\u012bs sabiedr\u012bbas intereses vai juridiskie vai l\u012bgumiskie pien\u0101kumi ir sp\u0113k\u0101;<\/p>\n<p><\/p>\n<p style=\"padding-left: 20px;\">2.2.5 t\u012bmek\u013ca vietnes apmekl\u0113t\u0101jam ir ties\u012bbas iebilst pret savu personas datu apstr\u0101di (\u012bpa\u0161i, ja t\u0101 pamatojas uz le\u0123it\u012bmaj\u0101m interes\u0113m) un ierobe\u017eot savu personas datu apstr\u0101di, ja tas ir pamatoti;<\/p>\n<p><\/p>\n<p style=\"padding-left: 20px;\">2.2.6 t\u012bmek\u013ca vietnes apmekl\u0113t\u0101jam ir ties\u012bbas sa\u0146emt savus personas datus, kurus vi\u0146\u0161 ir sniedzis, pamatojoties uz piekri\u0161anu, struktur\u0113t\u0101 un ma\u0161\u012bnlas\u0101m\u0101 form\u0101t\u0101 (ja tas ir tehniski iesp\u0113jams) nodo\u0161anai citiem uz\u0146\u0113mumiem;<\/p>\n<p><\/p>\n<p style=\"padding-left: 20px;\">2.2.7 t\u012bmek\u013ca vietnes apmekl\u0113t\u0101jam ir ties\u012bbas iesniegt s\u016bdz\u012bbu par personas datu apstr\u0101di Igaunijas Republikas Datu aizsardz\u012bbas inspekcijai, nos\u016btot to pa e-pastu uz adresi <a href=\"mailto:info@aki.ee\">info@aki.ee<\/a> vai kl\u0101tien\u0113 Tatari 39, Tallin\u0101.<\/p>\n<h5><strong>3. PERSONAS DATU KATEGORIJAS<\/strong><\/h5>\n<p>3.1 Apmekl\u0113jot t\u012bmek\u013ca vietni, OBH apstr\u0101d\u0101 \u0161\u0101dus personas datus ierobe\u017eot\u0101 apjom\u0101:<\/p>\n<p style=\"padding-left: 20px;\">3.1.1 <strong>t\u012bmek\u013ca vietnes tehniskie dati:<\/strong> IP adrese (tostarp aptuven\u0101 atra\u0161an\u0101s vieta, kas atvasin\u0101ta no IP adreses, piem\u0113ram, valsts), interneta pakalpojumu sniedz\u0113js, atsauces URL (referrer URL), apmekl\u0113juma datums un laiks, izmantot\u0101s t\u012bmek\u013ca p\u0101rl\u016bkprogrammas tips un versija, oper\u0113t\u0101jsist\u0113ma, ier\u012bces tips, nos\u016bt\u012bto datu apjoms un statuss. <em>Avots: Apmekl\u0113t\u0101ja ier\u012bce un t\u012bmek\u013ca p\u0101rl\u016bkprogramma<\/em><\/p>\n<p><\/p>\n<p style=\"padding-left: 20px;\">3.1.2 <strong>s\u012bkdat\u0146u dati:<\/strong> OBH sav\u0101 t\u012bmek\u013ca vietn\u0113 izmanto s\u012bkdatnes, lai optimiz\u0113tu t\u012bmek\u013ca vietni un t\u0101s funkcijas. Da\u017eas t\u012bmek\u013ca s\u012bkdatnes var v\u0101kt personas datus. Lai ieg\u016btu pla\u0161\u0101ku inform\u0101ciju, l\u016bdzu, skatiet OBH <a href=\"https:\/\/olysafe.com\/lv\/sikdatnu-politika\/\">S\u012bkdat\u0146u pazi\u0146ojumu<\/a>.<\/p>\n<p><\/p>\n<p style=\"padding-left: 20px;\"><em>Avots: Apmekl\u0113t\u0101ja ier\u012bce un t\u012bmek\u013ca p\u0101rl\u016bkprogramma<\/em><\/p>\n<h5><strong>4. JURIDISKAIS PAMATOJUMS UN M\u0112R\u0136I<\/strong><\/h5>\n<p>4.1 T\u012bmek\u013ca vietnes apmekl\u0113t\u0101ja personas datu apstr\u0101des juridiskais pamatojums un m\u0113r\u0137i ir nor\u0101d\u012bti \u0161aj\u0101 tabul\u0101:<\/p>\n<div style=\"overflow-x: auto; -webkit-overflow-scrolling: touch; margin-bottom: 20px;\">\n<table style=\"border-collapse: collapse; min-width: 600px; width: 100%;\" border=\"1\">\n<thead>\n<tr>\n<th style=\"padding: 10px; text-align: left;\">M\u0113r\u0137is<\/th>\n<th style=\"padding: 10px; text-align: left;\">Juridiskais pamatojums<\/th>\n<th style=\"padding: 10px; text-align: left;\">Datu kategorijas<\/th>\n<\/tr>\n<\/thead>\n<tbody>\n<tr>\n<td style=\"padding: 10px;\">S\u012bkdat\u0146u piekri\u0161anas p\u0101rvald\u012bba un p\u0101rbaude<\/td>\n<td style=\"padding: 10px;\">Juridisks pien\u0101kums<\/td>\n<td style=\"padding: 10px;\">S\u012bkdat\u0146u piekri\u0161anas statuss, piekri\u0161anas laiks<\/td>\n<\/tr>\n<tr>\n<td style=\"padding: 10px;\">T\u012bmek\u013ca vietnes tehnisk\u0101s darb\u012bbas un satura pareizas att\u0113lo\u0161anas nodro\u0161in\u0101\u0161ana<\/td>\n<td style=\"padding: 10px;\">Le\u0123it\u012bm\u0101s intereses<\/td>\n<td style=\"padding: 10px;\">T\u012bmek\u013ca vietnes dati, funkcion\u0101lie iestat\u012bjumi, sesijas dati<\/td>\n<\/tr>\n<tr>\n<td style=\"padding: 10px;\">T\u012bmek\u013ca vietnes lieto\u0161anas statistika un anal\u012btika (Google Analytics)<\/td>\n<td style=\"padding: 10px;\">Datu subjekta piekri\u0161ana<\/td>\n<td style=\"padding: 10px;\">IP adrese, ier\u012bces un t\u012bmek\u013ca p\u0101rl\u016bkprogrammas tehniskie dati, t\u012bmek\u013ca vietnes dati (lieto\u0161anas statistika)<\/td>\n<\/tr>\n<\/tbody>\n<\/table>\n<\/div>\n<p>4.2 Ja OBH apstr\u0101d\u0101 personas datus, pamatojoties uz le\u0123it\u012bmaj\u0101m interes\u0113m, OBH ir izv\u0113rt\u0113jis, ka t\u0101 le\u0123it\u012bm\u0101s intereses apstr\u0101d\u0101t personas datus noteiktiem m\u0113r\u0137iem p\u0101rsniedz apmekl\u0113t\u0101ja intereses un ties\u012bbas.<\/p>\n<h5><strong>5. PERSONAS DATU NODO\u0160ANA<\/strong><\/h5>\n<p>5.1 OBH izmanto da\u017e\u0101dus partnerus k\u0101 personas datu apstr\u0101d\u0101t\u0101jus, kuri apstr\u0101d\u0101 datus, pamatojoties uz OBH sniegtajiem nor\u0101d\u012bjumiem un to apjom\u0101. Partneri var b\u016bt gan uz\u0146\u0113mumi, kas ietilpst OBH grup\u0101, gan tre\u0161\u0101s puses, ar kur\u0101m OBH ir nosl\u0113dzis atbilsto\u0161us datu apstr\u0101des l\u012bgumus.<\/p>\n<p>5.2 T\u012bmek\u013ca vietnes apmekl\u0113t\u0101ju personas datus var nodot \u0161\u0101d\u0101m OBH datu sa\u0146\u0113m\u0113ju kategorij\u0101m:<\/p>\n<p style=\"padding-left: 20px;\">5.2.1 t\u012bmek\u013ca vietnes anal\u012btikas pakalpojumu sniedz\u0113jiem (piem\u0113ram, Google Analytics), ja apmekl\u0113t\u0101js ir devis savu piekri\u0161anu;<\/p>\n<p><\/p>\n<p style=\"padding-left: 20px;\">5.2.2 pakalpojumu sniedz\u0113jiem, kas saist\u012bti ar s\u012bkdat\u0146u piekri\u0161anas p\u0101rvald\u012bbu un t\u012bmek\u013ca vietnes tehnisko darb\u012bbu;<\/p>\n<p><\/p>\n<p style=\"padding-left: 20px;\">5.2.3 t\u012bmek\u013ca mitin\u0101\u0161anas (hostinga) un IT pakalpojumu sniedz\u0113jiem tikt\u0101l, cikt\u0101l tas on nepiecie\u0161ams, lai nodro\u0161in\u0101tu t\u012bmek\u013ca vietnes darb\u012bbu, dro\u0161\u012bbu un \u013caunpr\u0101t\u012bgas izmanto\u0161anas nov\u0113r\u0161anu;<\/p>\n<p><\/p>\n<p style=\"padding-left: 20px;\">5.2.4 t\u0101d\u0101 apjom\u0101, kas nepiecie\u0161ams t\u012bmek\u013ca vietnes darb\u012bbai, administr\u0113\u0161anai un uzraudz\u012bbai un saska\u0146\u0101 ar \u0161o dokumentu.<\/p>\n<p>5.3 Parasti OBH sadarb\u012bbas partneri atrodas Igaunij\u0101 vai Eiropas Ekonomikas zon\u0101. Ja OBH sadarb\u012bbas partneris, kas apstr\u0101d\u0101 personas datus, atrodas \u0101rpus Eiropas Ekonomikas zonas, personas datu p\u0101rs\u016bt\u012b\u0161anai izmantotie aizsardz\u012bbas pas\u0101kumi ir: atbilsto\u0161s datu aizsardz\u012bbas l\u012bmenis sa\u0146\u0113m\u0113jvalst\u012b saska\u0146\u0101 ar Eiropas Komisijas l\u0113mumu vai Eiropas Komisijas izstr\u0101d\u0101to standarta datu aizsardz\u012bbas klauzulu izmanto\u0161ana sadarb\u012bbas l\u012bgum\u0101.<\/p>\n<h5><strong>6. PERSONAS DATU GLAB\u0100\u0160ANA<\/strong><\/h5>\n<p>6.1 T\u012bmek\u013ca vietnes apmekl\u0113t\u0101ju personas dati tiek glab\u0101ti tikai tik ilgi, cik nepiecie\u0161ams \u0161aj\u0101 dokument\u0101 aprakst\u012bto m\u0113r\u0137u sasnieg\u0161anai.<\/p>\n<p>6.2 IP adreses un citi t\u012bmek\u013ca vietnes tehniskie \u017eurn\u0101ldati (logi) tiek apstr\u0101d\u0101ti t\u012bmek\u013ca vietnes tehnisk\u0101s darb\u012bbas un dro\u0161\u012bbas nol\u016bkos un tiek glab\u0101ti ierobe\u017eotu laiku saska\u0146\u0101 ar standarta praksi tehnisko \u017eurn\u0101ldatu glab\u0101\u0161an\u0101.<\/p>\n<p>6.3 Ar s\u012bkdat\u0146u pal\u012bdz\u012bbu apkopoto datu glab\u0101\u0161anas termi\u0146i ir \u0161\u0101di:<\/p>\n<p style=\"padding-left: 20px;\">6.3.1 anal\u012btisko s\u012bkdat\u0146u dati (piem\u0113ram, Google Analytics) tiek glab\u0101ti l\u012bdz 2 gadiem;<\/p>\n<p><\/p>\n<p style=\"padding-left: 20px;\">6.3.2 dati, kas saist\u012bti ar s\u012bkdat\u0146u piekri\u0161anas p\u0101rvald\u012bbu (Cookie Consent), tiek glab\u0101ti l\u012bdz 1 gadam;<\/p>\n<p><\/p>\n<p style=\"padding-left: 20px;\">6.3.3 funkcion\u0101l\u0101s un preferen\u010du s\u012bkdatnes (tostarp valodas izv\u0113le) tiek glab\u0101tas sesijas laik\u0101 vai atbilsto\u0161i to tehniskajai darb\u012bbai.<\/p>\n\t\t\t\t\t\t\t\t<\/div>\n\t\t\t\t\t<\/div>\n\t\t\t\t<\/div>\n\t\t\t\t<\/div>\n\t\t","protected":false},"excerpt":{"rendered":"<p>OlySafe Priv\u0101tuma pazi\u0146ojums Sp\u0113k\u0101 no: 24-04-2026 1. VISP\u0100R\u012aGIE NOTEIKUMI 1.1 \u0160is pazi\u0146ojums izskaidro personas datu apstr\u0101di t\u012bmek\u013ca vietn\u0113 olysafe.com, kas sniedz inform\u0101ciju par atbild\u012bgu sp\u0113li, k\u0101 ar\u012b t\u012bmek\u013ca vietnes apmekl\u0113t\u0101ja ties\u012bbas saist\u012bb\u0101 ar personas datu apstr\u0101di. 1.2 Datu p\u0101rzinis ir OB Holding 1 O\u00dc (turpm\u0101k tekst\u0101 \u2014 OBH), re\u0123istr\u0101cijas numurs 14975047, adrese: Pronksi 19, Tallina [&hellip;]<\/p>\n","protected":false},"author":3,"featured_media":0,"parent":0,"menu_order":0,"comment_status":"closed","ping_status":"open","template":"","meta":{"footnotes":""},"class_list":["post-784","page","type-page","status-publish","hentry"],"yoast_head":"<!-- This site is optimized with the Yoast SEO plugin v27.5 - https:\/\/yoast.com\/product\/yoast-seo-wordpress\/ -->\n<title>Priv\u0101tuma politika - OlySafe<\/title>\n<meta name=\"robots\" content=\"index, follow, max-snippet:-1, max-image-preview:large, max-video-preview:-1\" \/>\n<link rel=\"canonical\" href=\"https:\/\/olysafe.com\/lv\/privatuma-politika\/\" \/>\n<meta property=\"og:locale\" content=\"lv_LV\" \/>\n<meta property=\"og:type\" content=\"article\" \/>\n<meta property=\"og:title\" content=\"Priv\u0101tuma politika - OlySafe\" \/>\n<meta property=\"og:description\" content=\"OlySafe Priv\u0101tuma pazi\u0146ojums Sp\u0113k\u0101 no: 24-04-2026 1. VISP\u0100R\u012aGIE NOTEIKUMI 1.1 \u0160is pazi\u0146ojums izskaidro personas datu apstr\u0101di t\u012bmek\u013ca vietn\u0113 olysafe.com, kas sniedz inform\u0101ciju par atbild\u012bgu sp\u0113li, k\u0101 ar\u012b t\u012bmek\u013ca vietnes apmekl\u0113t\u0101ja ties\u012bbas saist\u012bb\u0101 ar personas datu apstr\u0101di. 1.2 Datu p\u0101rzinis ir OB Holding 1 O\u00dc (turpm\u0101k tekst\u0101 \u2014 OBH), re\u0123istr\u0101cijas numurs 14975047, adrese: Pronksi 19, Tallina [&hellip;]\" \/>\n<meta property=\"og:url\" content=\"https:\/\/olysafe.com\/lv\/privatuma-politika\/\" \/>\n<meta property=\"og:site_name\" content=\"OlySafe\" \/>\n<meta property=\"article:modified_time\" content=\"2026-04-28T08:58:41+00:00\" \/>\n<meta name=\"twitter:card\" content=\"summary_large_image\" \/>\n<meta name=\"twitter:label1\" content=\"Est. reading time\" \/>\n\t<meta name=\"twitter:data1\" content=\"7 min\u016btes\" \/>\n<script type=\"application\/ld+json\" class=\"yoast-schema-graph\">{\"@context\":\"https:\\\/\\\/schema.org\",\"@graph\":[{\"@type\":\"WebPage\",\"@id\":\"https:\\\/\\\/olysafe.com\\\/lv\\\/privatuma-politika\\\/\",\"url\":\"https:\\\/\\\/olysafe.com\\\/lv\\\/privatuma-politika\\\/\",\"name\":\"Priv\u0101tuma politika - OlySafe\",\"isPartOf\":{\"@id\":\"https:\\\/\\\/olysafe.com\\\/lv\\\/#website\"},\"datePublished\":\"2026-02-03T09:14:00+00:00\",\"dateModified\":\"2026-04-28T08:58:41+00:00\",\"breadcrumb\":{\"@id\":\"https:\\\/\\\/olysafe.com\\\/lv\\\/privatuma-politika\\\/#breadcrumb\"},\"inLanguage\":\"lv-LV\",\"potentialAction\":[{\"@type\":\"ReadAction\",\"target\":[\"https:\\\/\\\/olysafe.com\\\/lv\\\/privatuma-politika\\\/\"]}]},{\"@type\":\"BreadcrumbList\",\"@id\":\"https:\\\/\\\/olysafe.com\\\/lv\\\/privatuma-politika\\\/#breadcrumb\",\"itemListElement\":[{\"@type\":\"ListItem\",\"position\":1,\"name\":\"Home\",\"item\":\"https:\\\/\\\/olysafe.com\\\/lv\\\/\"},{\"@type\":\"ListItem\",\"position\":2,\"name\":\"Priv\u0101tuma politika\"}]},{\"@type\":\"WebSite\",\"@id\":\"https:\\\/\\\/olysafe.com\\\/lv\\\/#website\",\"url\":\"https:\\\/\\\/olysafe.com\\\/lv\\\/\",\"name\":\"Responsible Gaming\",\"description\":\"Leading voice for responsible gaming\",\"publisher\":{\"@id\":\"https:\\\/\\\/olysafe.com\\\/lv\\\/#organization\"},\"potentialAction\":[{\"@type\":\"SearchAction\",\"target\":{\"@type\":\"EntryPoint\",\"urlTemplate\":\"https:\\\/\\\/olysafe.com\\\/lv\\\/?s={search_term_string}\"},\"query-input\":{\"@type\":\"PropertyValueSpecification\",\"valueRequired\":true,\"valueName\":\"search_term_string\"}}],\"inLanguage\":\"lv-LV\"},{\"@type\":\"Organization\",\"@id\":\"https:\\\/\\\/olysafe.com\\\/lv\\\/#organization\",\"name\":\"Responsible Gaming\",\"url\":\"https:\\\/\\\/olysafe.com\\\/lv\\\/\",\"logo\":{\"@type\":\"ImageObject\",\"inLanguage\":\"lv-LV\",\"@id\":\"https:\\\/\\\/olysafe.com\\\/lv\\\/#\\\/schema\\\/logo\\\/image\\\/\",\"url\":\"https:\\\/\\\/olysafe.com\\\/wp-content\\\/uploads\\\/2026\\\/02\\\/Olysafe_Logo.png\",\"contentUrl\":\"https:\\\/\\\/olysafe.com\\\/wp-content\\\/uploads\\\/2026\\\/02\\\/Olysafe_Logo.png\",\"width\":500,\"height\":228,\"caption\":\"Responsible Gaming\"},\"image\":{\"@id\":\"https:\\\/\\\/olysafe.com\\\/lv\\\/#\\\/schema\\\/logo\\\/image\\\/\"}}]}<\/script>\n<!-- \/ Yoast SEO plugin. -->","yoast_head_json":{"title":"Priv\u0101tuma politika - OlySafe","robots":{"index":"index","follow":"follow","max-snippet":"max-snippet:-1","max-image-preview":"max-image-preview:large","max-video-preview":"max-video-preview:-1"},"canonical":"https:\/\/olysafe.com\/lv\/privatuma-politika\/","og_locale":"lv_LV","og_type":"article","og_title":"Priv\u0101tuma politika - OlySafe","og_description":"OlySafe Priv\u0101tuma pazi\u0146ojums Sp\u0113k\u0101 no: 24-04-2026 1. VISP\u0100R\u012aGIE NOTEIKUMI 1.1 \u0160is pazi\u0146ojums izskaidro personas datu apstr\u0101di t\u012bmek\u013ca vietn\u0113 olysafe.com, kas sniedz inform\u0101ciju par atbild\u012bgu sp\u0113li, k\u0101 ar\u012b t\u012bmek\u013ca vietnes apmekl\u0113t\u0101ja ties\u012bbas saist\u012bb\u0101 ar personas datu apstr\u0101di. 1.2 Datu p\u0101rzinis ir OB Holding 1 O\u00dc (turpm\u0101k tekst\u0101 \u2014 OBH), re\u0123istr\u0101cijas numurs 14975047, adrese: Pronksi 19, Tallina [&hellip;]","og_url":"https:\/\/olysafe.com\/lv\/privatuma-politika\/","og_site_name":"OlySafe","article_modified_time":"2026-04-28T08:58:41+00:00","twitter_card":"summary_large_image","twitter_misc":{"Est. reading time":"7 min\u016btes"},"schema":{"@context":"https:\/\/schema.org","@graph":[{"@type":"WebPage","@id":"https:\/\/olysafe.com\/lv\/privatuma-politika\/","url":"https:\/\/olysafe.com\/lv\/privatuma-politika\/","name":"Priv\u0101tuma politika - OlySafe","isPartOf":{"@id":"https:\/\/olysafe.com\/lv\/#website"},"datePublished":"2026-02-03T09:14:00+00:00","dateModified":"2026-04-28T08:58:41+00:00","breadcrumb":{"@id":"https:\/\/olysafe.com\/lv\/privatuma-politika\/#breadcrumb"},"inLanguage":"lv-LV","potentialAction":[{"@type":"ReadAction","target":["https:\/\/olysafe.com\/lv\/privatuma-politika\/"]}]},{"@type":"BreadcrumbList","@id":"https:\/\/olysafe.com\/lv\/privatuma-politika\/#breadcrumb","itemListElement":[{"@type":"ListItem","position":1,"name":"Home","item":"https:\/\/olysafe.com\/lv\/"},{"@type":"ListItem","position":2,"name":"Priv\u0101tuma politika"}]},{"@type":"WebSite","@id":"https:\/\/olysafe.com\/lv\/#website","url":"https:\/\/olysafe.com\/lv\/","name":"Responsible Gaming","description":"Leading voice for responsible gaming","publisher":{"@id":"https:\/\/olysafe.com\/lv\/#organization"},"potentialAction":[{"@type":"SearchAction","target":{"@type":"EntryPoint","urlTemplate":"https:\/\/olysafe.com\/lv\/?s={search_term_string}"},"query-input":{"@type":"PropertyValueSpecification","valueRequired":true,"valueName":"search_term_string"}}],"inLanguage":"lv-LV"},{"@type":"Organization","@id":"https:\/\/olysafe.com\/lv\/#organization","name":"Responsible Gaming","url":"https:\/\/olysafe.com\/lv\/","logo":{"@type":"ImageObject","inLanguage":"lv-LV","@id":"https:\/\/olysafe.com\/lv\/#\/schema\/logo\/image\/","url":"https:\/\/olysafe.com\/wp-content\/uploads\/2026\/02\/Olysafe_Logo.png","contentUrl":"https:\/\/olysafe.com\/wp-content\/uploads\/2026\/02\/Olysafe_Logo.png","width":500,"height":228,"caption":"Responsible Gaming"},"image":{"@id":"https:\/\/olysafe.com\/lv\/#\/schema\/logo\/image\/"}}]}},"_links":{"self":[{"href":"https:\/\/olysafe.com\/lv\/wp-json\/wp\/v2\/pages\/784","targetHints":{"allow":["GET"]}}],"collection":[{"href":"https:\/\/olysafe.com\/lv\/wp-json\/wp\/v2\/pages"}],"about":[{"href":"https:\/\/olysafe.com\/lv\/wp-json\/wp\/v2\/types\/page"}],"author":[{"embeddable":true,"href":"https:\/\/olysafe.com\/lv\/wp-json\/wp\/v2\/users\/3"}],"replies":[{"embeddable":true,"href":"https:\/\/olysafe.com\/lv\/wp-json\/wp\/v2\/comments?post=784"}],"version-history":[{"count":3,"href":"https:\/\/olysafe.com\/lv\/wp-json\/wp\/v2\/pages\/784\/revisions"}],"predecessor-version":[{"id":958,"href":"https:\/\/olysafe.com\/lv\/wp-json\/wp\/v2\/pages\/784\/revisions\/958"}],"wp:attachment":[{"href":"https:\/\/olysafe.com\/lv\/wp-json\/wp\/v2\/media?parent=784"}],"curies":[{"name":"wp","href":"https:\/\/api.w.org\/{rel}","templated":true}]}}